{"id":966,"date":"2022-01-06T10:18:14","date_gmt":"2022-01-06T10:18:14","guid":{"rendered":"https:\/\/www.kita-gwunderland.ch\/go\/?page_id=966"},"modified":"2025-03-06T18:34:29","modified_gmt":"2025-03-06T18:34:29","slug":"herzlichen-willkommen","status":"publish","type":"page","link":"https:\/\/www.kita-gwunderland.ch\/go\/","title":{"rendered":"HERZLICH WILLKOMMEN!"},"content":{"rendered":"\n<p>Herzlich Willkommen bei der Kinderbetreuung Gwunderland\u00a0<\/p>\n\n<p>Wenn Sie\u2026<\/p>\n\n<ul class=\"wp-block-list\">\n<li>f\u00fcr Ihr Kleinkind eine liebevolle und kompetente Betreuung suchen<\/li>\n<li>individuelle Betreuungsangebote und einkommensabh\u00e4ngige Tarife sch\u00e4tzen<\/li>\n<li>eine Kita mit grossem Bezug zur Natur suchen<\/li>\n<li>Ihr Kindergarten-\/Schulkind im Sch\u00fclerhort (mit Ferienbetreuung) in der Fr\u00fchbetreuung, am Mittagstisch und\/oder am Nachmittag betreuen lassen m\u00f6chten<\/li>\n<\/ul>\n\n<p>dann sind Sie genau richtig bei uns.<\/p>\n\n<p>F\u00fcr Ausk\u00fcnfte, Fragen und Platzanfragen d\u00fcrfen Sie sich gerne an die Leitung Kinderbetreuung Nicole Stucki wenden.<\/p>\n\n<p>Mail :\u00a0<a href=\"mailto:info@kita-gwunderland.ch\">info@kita-gwunderland.ch<\/a>\u00a0Tel\u00a0: 055 524 00 20<\/p>\n\n<figure><img decoding=\"async\" src=\"https:\/\/www.kita-gwunderland.ch\/go\/wp-content\/uploads\/2022\/01\/Bildschirmfoto-2022-01-11-um-08.16.35-1024x42.png\" alt=\"\" \/><\/figure>\n\n\n\n\n\t\t\n\t\t\t\t\t\t\t\t\t\t\t\t\t<img fetchpriority=\"high\" decoding=\"async\" width=\"960\" height=\"640\" src=\"https:\/\/www.kita-gwunderland.ch\/go\/wp-content\/uploads\/2024\/10\/Kita_Gwunderland-58-1024x683.jpg\" alt=\"\" srcset=\"https:\/\/www.kita-gwunderland.ch\/go\/wp-content\/uploads\/2024\/10\/Kita_Gwunderland-58-1024x683.jpg 1024w, https:\/\/www.kita-gwunderland.ch\/go\/wp-content\/uploads\/2024\/10\/Kita_Gwunderland-58-300x200.jpg 300w, https:\/\/www.kita-gwunderland.ch\/go\/wp-content\/uploads\/2024\/10\/Kita_Gwunderland-58-768x512.jpg 768w, https:\/\/www.kita-gwunderland.ch\/go\/wp-content\/uploads\/2024\/10\/Kita_Gwunderland-58-1536x1024.jpg 1536w, https:\/\/www.kita-gwunderland.ch\/go\/wp-content\/uploads\/2024\/10\/Kita_Gwunderland-58-1140x760.jpg 1140w, https:\/\/www.kita-gwunderland.ch\/go\/wp-content\/uploads\/2024\/10\/Kita_Gwunderland-58.jpg 1920w\" sizes=\"(max-width: 960px) 100vw, 960px\" \/>","protected":false},"excerpt":{"rendered":"<p>Herzlich Willkommen bei der Kinderbetreuung Gwunderland\u00a0 Wenn Sie\u2026 f\u00fcr Ihr Kleinkind eine liebevolle und kompetente Betreuung suchen individuelle Betreuungsangebote und einkommensabh\u00e4ngige Tarife sch\u00e4tzen eine Kita mit grossem Bezug zur Natur suchen Ihr Kindergarten-\/Schulkind im Sch\u00fclerhort (mit Ferienbetreuung) in der Fr\u00fchbetreuung, am Mittagstisch und\/oder am Nachmittag betreuen lassen m\u00f6chten dann sind Sie genau richtig bei uns. F\u00fcr Ausk\u00fcnfte, Fragen und Platzanfragen d\u00fcrfen Sie sich gerne an die Leitung Kinderbetreuung Nicole Stucki wenden. Mail :\u00a0info@kita-gwunderland.ch\u00a0Tel\u00a0: 055 524 00 20<\/p>\n","protected":false},"author":1,"featured_media":0,"parent":0,"menu_order":0,"comment_status":"closed","ping_status":"closed","template":"","meta":{"footnotes":""},"class_list":["post-966","page","type-page","status-publish","hentry"],"yoast_head":"<!-- This site is optimized with the Yoast SEO plugin v27.0 - https:\/\/yoast.com\/product\/yoast-seo-wordpress\/ -->\n<title>HERZLICH WILLKOMMEN! - Kita Gwunderland<\/title>\n<meta name=\"robots\" content=\"index, follow, max-snippet:-1, max-image-preview:large, max-video-preview:-1\" \/>\n<link rel=\"canonical\" href=\"https:\/\/www.kita-gwunderland.ch\/go\/\" \/>\n<meta property=\"og:locale\" content=\"de_DE\" \/>\n<meta property=\"og:type\" content=\"article\" \/>\n<meta property=\"og:title\" content=\"HERZLICH WILLKOMMEN! - Kita Gwunderland\" \/>\n<meta property=\"og:description\" content=\"Herzlich Willkommen bei der Kinderbetreuung Gwunderland\u00a0 Wenn Sie\u2026 f\u00fcr Ihr Kleinkind eine liebevolle und kompetente Betreuung suchen individuelle Betreuungsangebote und einkommensabh\u00e4ngige Tarife sch\u00e4tzen eine Kita mit grossem Bezug zur Natur suchen Ihr Kindergarten-\/Schulkind im Sch\u00fclerhort (mit Ferienbetreuung) in der Fr\u00fchbetreuung, am Mittagstisch und\/oder am Nachmittag betreuen lassen m\u00f6chten dann sind Sie genau richtig bei uns. F\u00fcr Ausk\u00fcnfte, Fragen und Platzanfragen d\u00fcrfen Sie sich gerne an die Leitung Kinderbetreuung Nicole Stucki wenden. Mail :\u00a0info@kita-gwunderland.ch\u00a0Tel\u00a0: 055 524 00 20\" \/>\n<meta property=\"og:url\" content=\"https:\/\/www.kita-gwunderland.ch\/go\/\" \/>\n<meta property=\"og:site_name\" content=\"Kita Gwunderland\" \/>\n<meta property=\"article:modified_time\" content=\"2025-03-06T18:34:29+00:00\" \/>\n<meta property=\"og:image\" content=\"https:\/\/www.kita-gwunderland.ch\/go\/wp-content\/uploads\/2022\/01\/Bildschirmfoto-2022-01-11-um-08.16.35-1024x42.png\" \/>\n<meta name=\"twitter:card\" content=\"summary_large_image\" \/>\n<meta name=\"twitter:label1\" content=\"Gesch\u00e4tzte Lesezeit\" \/>\n\t<meta name=\"twitter:data1\" content=\"1\u00a0Minute\" \/>\n<script type=\"application\/ld+json\" class=\"yoast-schema-graph\">{\"@context\":\"https:\/\/schema.org\",\"@graph\":[{\"@type\":\"WebPage\",\"@id\":\"https:\/\/www.kita-gwunderland.ch\/go\/\",\"url\":\"https:\/\/www.kita-gwunderland.ch\/go\/\",\"name\":\"HERZLICH WILLKOMMEN! - Kita Gwunderland\",\"isPartOf\":{\"@id\":\"https:\/\/www.kita-gwunderland.ch\/go\/#website\"},\"primaryImageOfPage\":{\"@id\":\"https:\/\/www.kita-gwunderland.ch\/go\/#primaryimage\"},\"image\":{\"@id\":\"https:\/\/www.kita-gwunderland.ch\/go\/#primaryimage\"},\"thumbnailUrl\":\"https:\/\/www.kita-gwunderland.ch\/go\/wp-content\/uploads\/2022\/01\/Bildschirmfoto-2022-01-11-um-08.16.35-1024x42.png\",\"datePublished\":\"2022-01-06T10:18:14+00:00\",\"dateModified\":\"2025-03-06T18:34:29+00:00\",\"breadcrumb\":{\"@id\":\"https:\/\/www.kita-gwunderland.ch\/go\/#breadcrumb\"},\"inLanguage\":\"de-CH\",\"potentialAction\":[{\"@type\":\"ReadAction\",\"target\":[\"https:\/\/www.kita-gwunderland.ch\/go\/\"]}]},{\"@type\":\"ImageObject\",\"inLanguage\":\"de-CH\",\"@id\":\"https:\/\/www.kita-gwunderland.ch\/go\/#primaryimage\",\"url\":\"https:\/\/www.kita-gwunderland.ch\/go\/wp-content\/uploads\/2022\/01\/Bildschirmfoto-2022-01-11-um-08.16.35.png\",\"contentUrl\":\"https:\/\/www.kita-gwunderland.ch\/go\/wp-content\/uploads\/2022\/01\/Bildschirmfoto-2022-01-11-um-08.16.35.png\",\"width\":2140,\"height\":88},{\"@type\":\"BreadcrumbList\",\"@id\":\"https:\/\/www.kita-gwunderland.ch\/go\/#breadcrumb\",\"itemListElement\":[{\"@type\":\"ListItem\",\"position\":1,\"name\":\"Home\",\"item\":\"https:\/\/www.kita-gwunderland.ch\/go\/\"},{\"@type\":\"ListItem\",\"position\":2,\"name\":\"HERZLICH WILLKOMMEN!\"}]},{\"@type\":\"WebSite\",\"@id\":\"https:\/\/www.kita-gwunderland.ch\/go\/#website\",\"url\":\"https:\/\/www.kita-gwunderland.ch\/go\/\",\"name\":\"Kita Gwunderland\",\"description\":\"\",\"publisher\":{\"@id\":\"https:\/\/www.kita-gwunderland.ch\/go\/#organization\"},\"potentialAction\":[{\"@type\":\"SearchAction\",\"target\":{\"@type\":\"EntryPoint\",\"urlTemplate\":\"https:\/\/www.kita-gwunderland.ch\/go\/?s={search_term_string}\"},\"query-input\":{\"@type\":\"PropertyValueSpecification\",\"valueRequired\":true,\"valueName\":\"search_term_string\"}}],\"inLanguage\":\"de-CH\"},{\"@type\":\"Organization\",\"@id\":\"https:\/\/www.kita-gwunderland.ch\/go\/#organization\",\"name\":\"Kita Gwunderland\",\"url\":\"https:\/\/www.kita-gwunderland.ch\/go\/\",\"logo\":{\"@type\":\"ImageObject\",\"inLanguage\":\"de-CH\",\"@id\":\"https:\/\/www.kita-gwunderland.ch\/go\/#\/schema\/logo\/image\/\",\"url\":\"https:\/\/www.kita-gwunderland.ch\/go\/wp-content\/uploads\/2022\/01\/cropped-cropped-Logo.jpg\",\"contentUrl\":\"https:\/\/www.kita-gwunderland.ch\/go\/wp-content\/uploads\/2022\/01\/cropped-cropped-Logo.jpg\",\"width\":1294,\"height\":575,\"caption\":\"Kita Gwunderland\"},\"image\":{\"@id\":\"https:\/\/www.kita-gwunderland.ch\/go\/#\/schema\/logo\/image\/\"}}]}<\/script>\n<!-- \/ Yoast SEO plugin. -->","yoast_head_json":{"title":"HERZLICH WILLKOMMEN! - Kita Gwunderland","robots":{"index":"index","follow":"follow","max-snippet":"max-snippet:-1","max-image-preview":"max-image-preview:large","max-video-preview":"max-video-preview:-1"},"canonical":"https:\/\/www.kita-gwunderland.ch\/go\/","og_locale":"de_DE","og_type":"article","og_title":"HERZLICH WILLKOMMEN! - Kita Gwunderland","og_description":"Herzlich Willkommen bei der Kinderbetreuung Gwunderland\u00a0 Wenn Sie\u2026 f\u00fcr Ihr Kleinkind eine liebevolle und kompetente Betreuung suchen individuelle Betreuungsangebote und einkommensabh\u00e4ngige Tarife sch\u00e4tzen eine Kita mit grossem Bezug zur Natur suchen Ihr Kindergarten-\/Schulkind im Sch\u00fclerhort (mit Ferienbetreuung) in der Fr\u00fchbetreuung, am Mittagstisch und\/oder am Nachmittag betreuen lassen m\u00f6chten dann sind Sie genau richtig bei uns. F\u00fcr Ausk\u00fcnfte, Fragen und Platzanfragen d\u00fcrfen Sie sich gerne an die Leitung Kinderbetreuung Nicole Stucki wenden. Mail :\u00a0info@kita-gwunderland.ch\u00a0Tel\u00a0: 055 524 00 20","og_url":"https:\/\/www.kita-gwunderland.ch\/go\/","og_site_name":"Kita Gwunderland","article_modified_time":"2025-03-06T18:34:29+00:00","og_image":[{"url":"https:\/\/www.kita-gwunderland.ch\/go\/wp-content\/uploads\/2022\/01\/Bildschirmfoto-2022-01-11-um-08.16.35-1024x42.png","type":"","width":"","height":""}],"twitter_card":"summary_large_image","twitter_misc":{"Gesch\u00e4tzte Lesezeit":"1\u00a0Minute"},"schema":{"@context":"https:\/\/schema.org","@graph":[{"@type":"WebPage","@id":"https:\/\/www.kita-gwunderland.ch\/go\/","url":"https:\/\/www.kita-gwunderland.ch\/go\/","name":"HERZLICH WILLKOMMEN! - Kita Gwunderland","isPartOf":{"@id":"https:\/\/www.kita-gwunderland.ch\/go\/#website"},"primaryImageOfPage":{"@id":"https:\/\/www.kita-gwunderland.ch\/go\/#primaryimage"},"image":{"@id":"https:\/\/www.kita-gwunderland.ch\/go\/#primaryimage"},"thumbnailUrl":"https:\/\/www.kita-gwunderland.ch\/go\/wp-content\/uploads\/2022\/01\/Bildschirmfoto-2022-01-11-um-08.16.35-1024x42.png","datePublished":"2022-01-06T10:18:14+00:00","dateModified":"2025-03-06T18:34:29+00:00","breadcrumb":{"@id":"https:\/\/www.kita-gwunderland.ch\/go\/#breadcrumb"},"inLanguage":"de-CH","potentialAction":[{"@type":"ReadAction","target":["https:\/\/www.kita-gwunderland.ch\/go\/"]}]},{"@type":"ImageObject","inLanguage":"de-CH","@id":"https:\/\/www.kita-gwunderland.ch\/go\/#primaryimage","url":"https:\/\/www.kita-gwunderland.ch\/go\/wp-content\/uploads\/2022\/01\/Bildschirmfoto-2022-01-11-um-08.16.35.png","contentUrl":"https:\/\/www.kita-gwunderland.ch\/go\/wp-content\/uploads\/2022\/01\/Bildschirmfoto-2022-01-11-um-08.16.35.png","width":2140,"height":88},{"@type":"BreadcrumbList","@id":"https:\/\/www.kita-gwunderland.ch\/go\/#breadcrumb","itemListElement":[{"@type":"ListItem","position":1,"name":"Home","item":"https:\/\/www.kita-gwunderland.ch\/go\/"},{"@type":"ListItem","position":2,"name":"HERZLICH WILLKOMMEN!"}]},{"@type":"WebSite","@id":"https:\/\/www.kita-gwunderland.ch\/go\/#website","url":"https:\/\/www.kita-gwunderland.ch\/go\/","name":"Kita Gwunderland","description":"","publisher":{"@id":"https:\/\/www.kita-gwunderland.ch\/go\/#organization"},"potentialAction":[{"@type":"SearchAction","target":{"@type":"EntryPoint","urlTemplate":"https:\/\/www.kita-gwunderland.ch\/go\/?s={search_term_string}"},"query-input":{"@type":"PropertyValueSpecification","valueRequired":true,"valueName":"search_term_string"}}],"inLanguage":"de-CH"},{"@type":"Organization","@id":"https:\/\/www.kita-gwunderland.ch\/go\/#organization","name":"Kita Gwunderland","url":"https:\/\/www.kita-gwunderland.ch\/go\/","logo":{"@type":"ImageObject","inLanguage":"de-CH","@id":"https:\/\/www.kita-gwunderland.ch\/go\/#\/schema\/logo\/image\/","url":"https:\/\/www.kita-gwunderland.ch\/go\/wp-content\/uploads\/2022\/01\/cropped-cropped-Logo.jpg","contentUrl":"https:\/\/www.kita-gwunderland.ch\/go\/wp-content\/uploads\/2022\/01\/cropped-cropped-Logo.jpg","width":1294,"height":575,"caption":"Kita Gwunderland"},"image":{"@id":"https:\/\/www.kita-gwunderland.ch\/go\/#\/schema\/logo\/image\/"}}]}},"acf":[],"_links":{"self":[{"href":"https:\/\/www.kita-gwunderland.ch\/go\/index.php\/wp-json\/wp\/v2\/pages\/966","targetHints":{"allow":["GET"]}}],"collection":[{"href":"https:\/\/www.kita-gwunderland.ch\/go\/index.php\/wp-json\/wp\/v2\/pages"}],"about":[{"href":"https:\/\/www.kita-gwunderland.ch\/go\/index.php\/wp-json\/wp\/v2\/types\/page"}],"author":[{"embeddable":true,"href":"https:\/\/www.kita-gwunderland.ch\/go\/index.php\/wp-json\/wp\/v2\/users\/1"}],"replies":[{"embeddable":true,"href":"https:\/\/www.kita-gwunderland.ch\/go\/index.php\/wp-json\/wp\/v2\/comments?post=966"}],"version-history":[{"count":23,"href":"https:\/\/www.kita-gwunderland.ch\/go\/index.php\/wp-json\/wp\/v2\/pages\/966\/revisions"}],"predecessor-version":[{"id":2860,"href":"https:\/\/www.kita-gwunderland.ch\/go\/index.php\/wp-json\/wp\/v2\/pages\/966\/revisions\/2860"}],"wp:attachment":[{"href":"https:\/\/www.kita-gwunderland.ch\/go\/index.php\/wp-json\/wp\/v2\/media?parent=966"}],"curies":[{"name":"wp","href":"https:\/\/api.w.org\/{rel}","templated":true}]}}