{"id":2223,"date":"2024-03-26T13:47:01","date_gmt":"2024-03-26T13:47:01","guid":{"rendered":"https:\/\/www.kita-gwunderland.ch\/go\/?page_id=2223"},"modified":"2025-03-06T18:32:44","modified_gmt":"2025-03-06T18:32:44","slug":"weesen","status":"publish","type":"page","link":"https:\/\/www.kita-gwunderland.ch\/go\/index.php\/weesen\/","title":{"rendered":"\u00d6FFNUNGSZEITEN HORT WEESEN\/AMDEN"},"content":{"rendered":"\t\t<div data-elementor-type=\"wp-page\" data-elementor-id=\"2223\" class=\"elementor elementor-2223\">\n\t\t\t\t\t\t<section class=\"elementor-section elementor-top-section elementor-element elementor-element-8aab26a elementor-section-boxed elementor-section-height-default elementor-section-height-default wpr-particle-no wpr-jarallax-no wpr-parallax-no wpr-sticky-section-no\" data-id=\"8aab26a\" data-element_type=\"section\" data-e-type=\"section\">\n\t\t\t\t\t\t<div class=\"elementor-container elementor-column-gap-default\">\n\t\t\t\t\t<div class=\"elementor-column elementor-col-100 elementor-top-column elementor-element elementor-element-525063b\" data-id=\"525063b\" data-element_type=\"column\" data-e-type=\"column\">\n\t\t\t<div class=\"elementor-widget-wrap elementor-element-populated\">\n\t\t\t\t\t\t<div class=\"elementor-element elementor-element-080d113 elementor-widget elementor-widget-text-editor\" data-id=\"080d113\" data-element_type=\"widget\" data-e-type=\"widget\" data-widget_type=\"text-editor.default\">\n\t\t\t\t<div class=\"elementor-widget-container\">\n\t\t\t\t\t\t\t\t\t<div class=\"wp-block-columns\">\n<div class=\"wp-block-column\" style=\"flex-basis: 25%;\">\u00a0<\/div>\n<p><!-- \/wp:column --><\/p>\n<p><!-- wp:column {\"width\":\"50%\"} --><\/p>\n<div class=\"wp-block-column\" style=\"flex-basis: 50%;\">\n<p><!-- wp:paragraph {\"align\":\"center\"} --><\/p>\n<p class=\"has-text-align-center\">Montag bis Freitag\u00a0<br \/>Betriebsferien zwischen Weihnachten und Neujahr<br \/>Geschlossen an allgemeinen Feier- und Br\u00fcckentagen<\/p>\n<p><!-- \/wp:paragraph --><\/p>\n<\/div>\n<p><!-- \/wp:column --><\/p>\n<p><!-- wp:column {\"width\":\"25%\"} --><\/p>\n<div class=\"wp-block-column\" style=\"flex-basis: 25%;\">\u00a0<\/div>\n<p><!-- \/wp:column --><\/p>\n<\/div>\n<p><!-- \/wp:columns --><\/p>\n<p><!-- wp:paragraph {\"align\":\"center\",\"fontSize\":\"medium\"} --><\/p>\n<div class=\"wp-block-columns\">\n<div class=\"wp-block-column\" style=\"flex-basis: 25%;\">\u00a0<\/div>\n<p><!-- \/wp:column --><\/p>\n<p><!-- wp:column {\"width\":\"50%\"} --><\/p>\n<div class=\"wp-block-column\" style=\"flex-basis: 50%;\">\n<p><!-- wp:paragraph {\"align\":\"center\",\"fontSize\":\"medium\"} --><\/p>\n<p class=\"has-text-align-center has-medium-font-size\"><strong>Module w\u00e4hrend der Schulzeit<\/strong><\/p>\n<p><!-- \/wp:paragraph --><\/p>\n<p><!-- wp:image {\"id\":1345,\"sizeSlug\":\"full\",\"linkDestination\":\"none\"} --><\/p>\n<figure class=\"wp-block-image size-full\"><img fetchpriority=\"high\" decoding=\"async\" width=\"2140\" height=\"88\" class=\"wp-image-1345\" src=\"https:\/\/www.kita-gwunderland.ch\/go\/wp-content\/uploads\/2022\/01\/Bildschirmfoto-2022-01-11-um-08.16.35.png\" alt=\"\" srcset=\"https:\/\/www.kita-gwunderland.ch\/go\/wp-content\/uploads\/2022\/01\/Bildschirmfoto-2022-01-11-um-08.16.35.png 2140w, https:\/\/www.kita-gwunderland.ch\/go\/wp-content\/uploads\/2022\/01\/Bildschirmfoto-2022-01-11-um-08.16.35-300x12.png 300w, https:\/\/www.kita-gwunderland.ch\/go\/wp-content\/uploads\/2022\/01\/Bildschirmfoto-2022-01-11-um-08.16.35-1024x42.png 1024w, https:\/\/www.kita-gwunderland.ch\/go\/wp-content\/uploads\/2022\/01\/Bildschirmfoto-2022-01-11-um-08.16.35-768x32.png 768w, https:\/\/www.kita-gwunderland.ch\/go\/wp-content\/uploads\/2022\/01\/Bildschirmfoto-2022-01-11-um-08.16.35-600x25.png 600w, https:\/\/www.kita-gwunderland.ch\/go\/wp-content\/uploads\/2022\/01\/Bildschirmfoto-2022-01-11-um-08.16.35-1536x63.png 1536w, https:\/\/www.kita-gwunderland.ch\/go\/wp-content\/uploads\/2022\/01\/Bildschirmfoto-2022-01-11-um-08.16.35-2048x84.png 2048w, https:\/\/www.kita-gwunderland.ch\/go\/wp-content\/uploads\/2022\/01\/Bildschirmfoto-2022-01-11-um-08.16.35-1140x47.png 1140w\" sizes=\"(max-width: 2140px) 100vw, 2140px\" \/><\/figure>\n<p><!-- \/wp:image --><\/p>\n<p><!-- wp:table --><\/p>\n<figure class=\"wp-block-table\">\n<table>\n<tbody>\n<tr>\n<td><strong>Betreuungseinheit<\/strong><\/td>\n<td><strong>Betreuungszeit<\/strong><\/td>\n<\/tr>\n<tr>\n<td>Fr\u00fchbetreuung<\/td>\n<td>07.00 \u2013 08.00 Uhr<\/td>\n<\/tr>\n<tr>\n<td>Mittagstisch<\/td>\n<td>11.30 \u2013 13.30 Uhr<\/td>\n<\/tr>\n<tr>\n<td>Halbtagsbetreuung<\/td>\n<td>13.30 \u2013 18.30 Uhr<\/td>\n<\/tr>\n<tr>\n<td>Sp\u00e4tbetreuung<\/td>\n<td>15.00 \u2013 18.30 Uhr<\/td>\n<\/tr>\n<\/tbody>\n<\/table>\n<\/figure>\n<\/div>\n<\/div>\t\t\t\t\t\t\t\t<\/div>\n\t\t\t\t<\/div>\n\t\t\t\t<div class=\"elementor-element elementor-element-a94a6e4 elementor-widget elementor-widget-text-editor\" data-id=\"a94a6e4\" data-element_type=\"widget\" data-e-type=\"widget\" data-widget_type=\"text-editor.default\">\n\t\t\t\t<div class=\"elementor-widget-container\">\n\t\t\t\t\t\t\t\t\t<div class=\"wp-block-columns\">\n<div class=\"wp-block-column\" style=\"flex-basis: 25%;\">\u00a0<\/div>\n<\/div>\n<p><!-- \/wp:columns --><\/p>\n<p><!-- wp:paragraph {\"align\":\"center\",\"fontSize\":\"medium\"} --><\/p>\n<div class=\"wp-block-columns\">\n<div class=\"wp-block-column\" style=\"flex-basis: 25%;\">\u00a0<\/div>\n<div class=\"wp-block-column\" style=\"flex-basis: 50%;\">\n<p class=\"has-text-align-center has-medium-font-size\"><strong>Module w\u00e4hrend der Ferienzeit<\/strong><\/p>\n<p><!-- \/wp:paragraph --><\/p>\n<p><!-- wp:image {\"id\":1345,\"sizeSlug\":\"full\",\"linkDestination\":\"none\"} --><\/p>\n<figure class=\"wp-block-image size-full\"><img fetchpriority=\"high\" decoding=\"async\" width=\"2140\" height=\"88\" class=\"wp-image-1345\" src=\"https:\/\/www.kita-gwunderland.ch\/go\/wp-content\/uploads\/2022\/01\/Bildschirmfoto-2022-01-11-um-08.16.35.png\" alt=\"\" srcset=\"https:\/\/www.kita-gwunderland.ch\/go\/wp-content\/uploads\/2022\/01\/Bildschirmfoto-2022-01-11-um-08.16.35.png 2140w, https:\/\/www.kita-gwunderland.ch\/go\/wp-content\/uploads\/2022\/01\/Bildschirmfoto-2022-01-11-um-08.16.35-300x12.png 300w, https:\/\/www.kita-gwunderland.ch\/go\/wp-content\/uploads\/2022\/01\/Bildschirmfoto-2022-01-11-um-08.16.35-1024x42.png 1024w, https:\/\/www.kita-gwunderland.ch\/go\/wp-content\/uploads\/2022\/01\/Bildschirmfoto-2022-01-11-um-08.16.35-768x32.png 768w, https:\/\/www.kita-gwunderland.ch\/go\/wp-content\/uploads\/2022\/01\/Bildschirmfoto-2022-01-11-um-08.16.35-600x25.png 600w, https:\/\/www.kita-gwunderland.ch\/go\/wp-content\/uploads\/2022\/01\/Bildschirmfoto-2022-01-11-um-08.16.35-1536x63.png 1536w, https:\/\/www.kita-gwunderland.ch\/go\/wp-content\/uploads\/2022\/01\/Bildschirmfoto-2022-01-11-um-08.16.35-2048x84.png 2048w, https:\/\/www.kita-gwunderland.ch\/go\/wp-content\/uploads\/2022\/01\/Bildschirmfoto-2022-01-11-um-08.16.35-1140x47.png 1140w\" sizes=\"(max-width: 2140px) 100vw, 2140px\" \/><\/figure>\n<p><!-- \/wp:image --><\/p>\n<p><!-- wp:table --><\/p>\n<figure class=\"wp-block-table\">\n<table>\n<tbody>\n<tr>\n<td><strong>Betreuungseinheit<\/strong><\/td>\n<td><strong>Betreuungszeit<\/strong><\/td>\n<\/tr>\n<tr>\n<td>Ganztagesbetreuung<\/td>\n<td>06.30 \u2013 18.30 Uhr<\/td>\n<\/tr>\n<tr>\n<td>Halbtagsbetreuung<br \/>ohne Mittagessen<\/td>\n<td>06.30 \u2013 11.30 Uhr<br \/>oder<br \/>13.30 \u2013 18.30 Uhr<\/td>\n<\/tr>\n<tr>\n<td>Halbtagsbetreuung<br \/>mit Mittagessen<\/td>\n<td>06.30 \u2013 13.30 Uhr<br \/>oder<br \/>11.30 \u2013 18.30 Uhr<\/td>\n<\/tr>\n<tr>\n<td>\u00a0<\/td>\n<td>\u00a0<\/td>\n<\/tr>\n<\/tbody>\n<\/table>\n<\/figure>\n<p><!-- \/wp:table --><\/p>\n<\/div>\n<p><!-- \/wp:column --><\/p>\n<p><!-- wp:column {\"width\":\"25%\"} --><\/p>\n<div class=\"wp-block-column\" style=\"flex-basis: 25%;\">\u00a0<\/div>\n<p><!-- \/wp:column --><\/p>\n<\/div>\n<p><!-- \/wp:columns --><\/p>\n<p><!-- wp:columns --><\/p>\n<div class=\"wp-block-columns\">\n<p><!-- wp:column {\"width\":\"25%\"} --><\/p>\n<div class=\"wp-block-column\" style=\"flex-basis: 25%;\">\u00a0<\/div>\n<p><!-- \/wp:column --><\/p>\n<p><!-- wp:column {\"width\":\"50%\"} --><\/p>\n<div class=\"wp-block-column\" style=\"flex-basis: 50%;\">\n<p><!-- wp:paragraph {\"align\":\"center\",\"fontSize\":\"medium\"} --><\/p>\n<p class=\"has-text-align-center has-medium-font-size\"><strong>Tarifgestaltung<\/strong><\/p>\n<p><!-- \/wp:paragraph --><\/p>\n<p><!-- wp:image {\"id\":1345,\"sizeSlug\":\"full\",\"linkDestination\":\"none\"} --><\/p>\n<figure class=\"wp-block-image size-full\"><span style=\"color: #808080;\"><img fetchpriority=\"high\" decoding=\"async\" width=\"2140\" height=\"88\" class=\"wp-image-1345\" src=\"https:\/\/www.kita-gwunderland.ch\/go\/wp-content\/uploads\/2022\/01\/Bildschirmfoto-2022-01-11-um-08.16.35.png\" alt=\"\" srcset=\"https:\/\/www.kita-gwunderland.ch\/go\/wp-content\/uploads\/2022\/01\/Bildschirmfoto-2022-01-11-um-08.16.35.png 2140w, https:\/\/www.kita-gwunderland.ch\/go\/wp-content\/uploads\/2022\/01\/Bildschirmfoto-2022-01-11-um-08.16.35-300x12.png 300w, https:\/\/www.kita-gwunderland.ch\/go\/wp-content\/uploads\/2022\/01\/Bildschirmfoto-2022-01-11-um-08.16.35-1024x42.png 1024w, https:\/\/www.kita-gwunderland.ch\/go\/wp-content\/uploads\/2022\/01\/Bildschirmfoto-2022-01-11-um-08.16.35-768x32.png 768w, https:\/\/www.kita-gwunderland.ch\/go\/wp-content\/uploads\/2022\/01\/Bildschirmfoto-2022-01-11-um-08.16.35-600x25.png 600w, https:\/\/www.kita-gwunderland.ch\/go\/wp-content\/uploads\/2022\/01\/Bildschirmfoto-2022-01-11-um-08.16.35-1536x63.png 1536w, https:\/\/www.kita-gwunderland.ch\/go\/wp-content\/uploads\/2022\/01\/Bildschirmfoto-2022-01-11-um-08.16.35-2048x84.png 2048w, https:\/\/www.kita-gwunderland.ch\/go\/wp-content\/uploads\/2022\/01\/Bildschirmfoto-2022-01-11-um-08.16.35-1140x47.png 1140w\" sizes=\"(max-width: 2140px) 100vw, 2140px\" \/><\/span><\/figure>\n<p><span style=\"color: #808080;\"><!-- \/wp:image --><\/span><\/p>\n<p><span style=\"color: #808080;\"><!-- wp:list {\"textColor\":\"black\"} --><\/span><\/p>\n<ul class=\"has-black-color has-text-color\">\n<li><span style=\"color: #808080;\">Die Tarife sind in einkommensabh\u00e4ngige Stufen unterteilt<\/span><\/li>\n<li><span style=\"color: #808080;\">J\u00e4hrlicher Einkommensnachweis bis zur zweit h\u00f6chsten Stufe erforderlich<\/span><\/li>\n<li><span style=\"color: #808080;\">Geschwisterrabatt von 15% gibt es ab dem 2. Kind pro Familie<\/span><\/li>\n<li><span style=\"color: #808080;\">Zwischenverpflegung ist bei allen Betreuungseinheiten inbegriffen<\/span><\/li>\n<li><span style=\"color: #808080;\">Im Hort keine Verrechnung, falls keine Betreuung w\u00e4hrend Schulferien beansprucht wird<\/span><\/li>\n<\/ul>\n<p><span style=\"color: #808080;\"><!-- \/wp:list --><\/span><\/p>\n<p><span style=\"color: #808080;\"><!-- wp:paragraph {\"align\":\"center\"} --><\/span><\/p>\n<p>\u00a0<\/p>\n<p class=\"has-text-align-center\">\u00a0<\/p>\n<p class=\"has-text-align-center\"><span style=\"color: #808080;\">Weitere Informationen zur schulerg\u00e4nzenden Betreuung in Weesen und Amden finden Sie unter <\/span><a href=\"https:\/\/www.kita-gwunderland.ch\/go\/index.php\/download\/\"><span style=\"color: #808080;\">Download<\/span><\/a><\/p>\n<\/div>\n<\/div>\t\t\t\t\t\t\t\t<\/div>\n\t\t\t\t<\/div>\n\t\t\t\t\t<\/div>\n\t\t<\/div>\n\t\t\t\t\t<\/div>\n\t\t<\/section>\n\t\t\t\t<\/div>\n\t\t","protected":false},"excerpt":{"rendered":"<p>\u00a0 Montag bis Freitag\u00a0Betriebsferien zwischen Weihnachten und NeujahrGeschlossen an allgemeinen Feier- und Br\u00fcckentagen \u00a0 \u00a0 Module w\u00e4hrend der Schulzeit Betreuungseinheit Betreuungszeit Fr\u00fchbetreuung 07.00 \u2013 08.00 Uhr Mittagstisch 11.30 \u2013 13.30 Uhr Halbtagsbetreuung 13.30 \u2013 18.30 Uhr Sp\u00e4tbetreuung 15.00 \u2013 18.30 Uhr \u00a0 \u00a0 Module w\u00e4hrend der Ferienzeit Betreuungseinheit Betreuungszeit Ganztagesbetreuung 06.30 \u2013 18.30 Uhr Halbtagsbetreuungohne Mittagessen 06.30 \u2013 11.30 Uhroder13.30 \u2013 18.30 Uhr Halbtagsbetreuungmit Mittagessen 06.30 \u2013 13.30 Uhroder11.30 \u2013 18.30 Uhr \u00a0 \u00a0 \u00a0 \u00a0 Tarifgestaltung Die Tarife sind in einkommensabh\u00e4ngige Stufen unterteilt J\u00e4hrlicher Einkommensnachweis bis zur zweit h\u00f6chsten Stufe erforderlich Geschwisterrabatt von 15% gibt es ab dem 2. Kind pro Familie Zwischenverpflegung ist bei allen Betreuungseinheiten inbegriffen Im Hort keine Verrechnung, falls keine Betreuung w\u00e4hrend Schulferien beansprucht wird \u00a0 \u00a0 Weitere Informationen zur schulerg\u00e4nzenden Betreuung in Weesen und Amden finden Sie unter Download<\/p>\n","protected":false},"author":1,"featured_media":0,"parent":0,"menu_order":0,"comment_status":"closed","ping_status":"closed","template":"","meta":{"footnotes":""},"class_list":["post-2223","page","type-page","status-publish","hentry"],"yoast_head":"<!-- This site is optimized with the Yoast SEO plugin v27.0 - https:\/\/yoast.com\/product\/yoast-seo-wordpress\/ -->\n<title>\u00d6FFNUNGSZEITEN HORT WEESEN\/AMDEN - Kita Gwunderland<\/title>\n<meta name=\"robots\" content=\"index, follow, max-snippet:-1, max-image-preview:large, max-video-preview:-1\" \/>\n<link rel=\"canonical\" href=\"https:\/\/www.kita-gwunderland.ch\/go\/index.php\/weesen\/\" \/>\n<meta property=\"og:locale\" content=\"de_DE\" \/>\n<meta property=\"og:type\" content=\"article\" \/>\n<meta property=\"og:title\" content=\"\u00d6FFNUNGSZEITEN HORT WEESEN\/AMDEN - Kita Gwunderland\" \/>\n<meta property=\"og:description\" content=\"\u00a0 Montag bis Freitag\u00a0Betriebsferien zwischen Weihnachten und NeujahrGeschlossen an allgemeinen Feier- und Br\u00fcckentagen \u00a0 \u00a0 Module w\u00e4hrend der Schulzeit Betreuungseinheit Betreuungszeit Fr\u00fchbetreuung 07.00 \u2013 08.00 Uhr Mittagstisch 11.30 \u2013 13.30 Uhr Halbtagsbetreuung 13.30 \u2013 18.30 Uhr Sp\u00e4tbetreuung 15.00 \u2013 18.30 Uhr \u00a0 \u00a0 Module w\u00e4hrend der Ferienzeit Betreuungseinheit Betreuungszeit Ganztagesbetreuung 06.30 \u2013 18.30 Uhr Halbtagsbetreuungohne Mittagessen 06.30 \u2013 11.30 Uhroder13.30 \u2013 18.30 Uhr Halbtagsbetreuungmit Mittagessen 06.30 \u2013 13.30 Uhroder11.30 \u2013 18.30 Uhr \u00a0 \u00a0 \u00a0 \u00a0 Tarifgestaltung Die Tarife sind in einkommensabh\u00e4ngige Stufen unterteilt J\u00e4hrlicher Einkommensnachweis bis zur zweit h\u00f6chsten Stufe erforderlich Geschwisterrabatt von 15% gibt es ab dem 2. Kind pro Familie Zwischenverpflegung ist bei allen Betreuungseinheiten inbegriffen Im Hort keine Verrechnung, falls keine Betreuung w\u00e4hrend Schulferien beansprucht wird \u00a0 \u00a0 Weitere Informationen zur schulerg\u00e4nzenden Betreuung in Weesen und Amden finden Sie unter Download\" \/>\n<meta property=\"og:url\" content=\"https:\/\/www.kita-gwunderland.ch\/go\/index.php\/weesen\/\" \/>\n<meta property=\"og:site_name\" content=\"Kita Gwunderland\" \/>\n<meta property=\"article:modified_time\" content=\"2025-03-06T18:32:44+00:00\" \/>\n<meta property=\"og:image\" content=\"https:\/\/www.kita-gwunderland.ch\/go\/wp-content\/uploads\/2022\/01\/Bildschirmfoto-2022-01-11-um-08.16.35.png\" \/>\n\t<meta property=\"og:image:width\" content=\"2140\" \/>\n\t<meta property=\"og:image:height\" content=\"88\" \/>\n\t<meta property=\"og:image:type\" content=\"image\/png\" \/>\n<meta name=\"twitter:card\" content=\"summary_large_image\" \/>\n<meta name=\"twitter:label1\" content=\"Gesch\u00e4tzte Lesezeit\" \/>\n\t<meta name=\"twitter:data1\" content=\"2\u00a0Minuten\" \/>\n<script type=\"application\/ld+json\" class=\"yoast-schema-graph\">{\"@context\":\"https:\/\/schema.org\",\"@graph\":[{\"@type\":\"WebPage\",\"@id\":\"https:\/\/www.kita-gwunderland.ch\/go\/index.php\/weesen\/\",\"url\":\"https:\/\/www.kita-gwunderland.ch\/go\/index.php\/weesen\/\",\"name\":\"\u00d6FFNUNGSZEITEN HORT WEESEN\/AMDEN - Kita Gwunderland\",\"isPartOf\":{\"@id\":\"https:\/\/www.kita-gwunderland.ch\/go\/#website\"},\"primaryImageOfPage\":{\"@id\":\"https:\/\/www.kita-gwunderland.ch\/go\/index.php\/weesen\/#primaryimage\"},\"image\":{\"@id\":\"https:\/\/www.kita-gwunderland.ch\/go\/index.php\/weesen\/#primaryimage\"},\"thumbnailUrl\":\"https:\/\/www.kita-gwunderland.ch\/go\/wp-content\/uploads\/2022\/01\/Bildschirmfoto-2022-01-11-um-08.16.35.png\",\"datePublished\":\"2024-03-26T13:47:01+00:00\",\"dateModified\":\"2025-03-06T18:32:44+00:00\",\"breadcrumb\":{\"@id\":\"https:\/\/www.kita-gwunderland.ch\/go\/index.php\/weesen\/#breadcrumb\"},\"inLanguage\":\"de-CH\",\"potentialAction\":[{\"@type\":\"ReadAction\",\"target\":[\"https:\/\/www.kita-gwunderland.ch\/go\/index.php\/weesen\/\"]}]},{\"@type\":\"ImageObject\",\"inLanguage\":\"de-CH\",\"@id\":\"https:\/\/www.kita-gwunderland.ch\/go\/index.php\/weesen\/#primaryimage\",\"url\":\"https:\/\/www.kita-gwunderland.ch\/go\/wp-content\/uploads\/2022\/01\/Bildschirmfoto-2022-01-11-um-08.16.35.png\",\"contentUrl\":\"https:\/\/www.kita-gwunderland.ch\/go\/wp-content\/uploads\/2022\/01\/Bildschirmfoto-2022-01-11-um-08.16.35.png\",\"width\":2140,\"height\":88},{\"@type\":\"BreadcrumbList\",\"@id\":\"https:\/\/www.kita-gwunderland.ch\/go\/index.php\/weesen\/#breadcrumb\",\"itemListElement\":[{\"@type\":\"ListItem\",\"position\":1,\"name\":\"Home\",\"item\":\"https:\/\/www.kita-gwunderland.ch\/go\/\"},{\"@type\":\"ListItem\",\"position\":2,\"name\":\"\u00d6FFNUNGSZEITEN HORT WEESEN\/AMDEN\"}]},{\"@type\":\"WebSite\",\"@id\":\"https:\/\/www.kita-gwunderland.ch\/go\/#website\",\"url\":\"https:\/\/www.kita-gwunderland.ch\/go\/\",\"name\":\"Kita Gwunderland\",\"description\":\"\",\"publisher\":{\"@id\":\"https:\/\/www.kita-gwunderland.ch\/go\/#organization\"},\"potentialAction\":[{\"@type\":\"SearchAction\",\"target\":{\"@type\":\"EntryPoint\",\"urlTemplate\":\"https:\/\/www.kita-gwunderland.ch\/go\/?s={search_term_string}\"},\"query-input\":{\"@type\":\"PropertyValueSpecification\",\"valueRequired\":true,\"valueName\":\"search_term_string\"}}],\"inLanguage\":\"de-CH\"},{\"@type\":\"Organization\",\"@id\":\"https:\/\/www.kita-gwunderland.ch\/go\/#organization\",\"name\":\"Kita Gwunderland\",\"url\":\"https:\/\/www.kita-gwunderland.ch\/go\/\",\"logo\":{\"@type\":\"ImageObject\",\"inLanguage\":\"de-CH\",\"@id\":\"https:\/\/www.kita-gwunderland.ch\/go\/#\/schema\/logo\/image\/\",\"url\":\"https:\/\/www.kita-gwunderland.ch\/go\/wp-content\/uploads\/2022\/01\/cropped-cropped-Logo.jpg\",\"contentUrl\":\"https:\/\/www.kita-gwunderland.ch\/go\/wp-content\/uploads\/2022\/01\/cropped-cropped-Logo.jpg\",\"width\":1294,\"height\":575,\"caption\":\"Kita Gwunderland\"},\"image\":{\"@id\":\"https:\/\/www.kita-gwunderland.ch\/go\/#\/schema\/logo\/image\/\"}}]}<\/script>\n<!-- \/ Yoast SEO plugin. -->","yoast_head_json":{"title":"\u00d6FFNUNGSZEITEN HORT WEESEN\/AMDEN - Kita Gwunderland","robots":{"index":"index","follow":"follow","max-snippet":"max-snippet:-1","max-image-preview":"max-image-preview:large","max-video-preview":"max-video-preview:-1"},"canonical":"https:\/\/www.kita-gwunderland.ch\/go\/index.php\/weesen\/","og_locale":"de_DE","og_type":"article","og_title":"\u00d6FFNUNGSZEITEN HORT WEESEN\/AMDEN - Kita Gwunderland","og_description":"\u00a0 Montag bis Freitag\u00a0Betriebsferien zwischen Weihnachten und NeujahrGeschlossen an allgemeinen Feier- und Br\u00fcckentagen \u00a0 \u00a0 Module w\u00e4hrend der Schulzeit Betreuungseinheit Betreuungszeit Fr\u00fchbetreuung 07.00 \u2013 08.00 Uhr Mittagstisch 11.30 \u2013 13.30 Uhr Halbtagsbetreuung 13.30 \u2013 18.30 Uhr Sp\u00e4tbetreuung 15.00 \u2013 18.30 Uhr \u00a0 \u00a0 Module w\u00e4hrend der Ferienzeit Betreuungseinheit Betreuungszeit Ganztagesbetreuung 06.30 \u2013 18.30 Uhr Halbtagsbetreuungohne Mittagessen 06.30 \u2013 11.30 Uhroder13.30 \u2013 18.30 Uhr Halbtagsbetreuungmit Mittagessen 06.30 \u2013 13.30 Uhroder11.30 \u2013 18.30 Uhr \u00a0 \u00a0 \u00a0 \u00a0 Tarifgestaltung Die Tarife sind in einkommensabh\u00e4ngige Stufen unterteilt J\u00e4hrlicher Einkommensnachweis bis zur zweit h\u00f6chsten Stufe erforderlich Geschwisterrabatt von 15% gibt es ab dem 2. Kind pro Familie Zwischenverpflegung ist bei allen Betreuungseinheiten inbegriffen Im Hort keine Verrechnung, falls keine Betreuung w\u00e4hrend Schulferien beansprucht wird \u00a0 \u00a0 Weitere Informationen zur schulerg\u00e4nzenden Betreuung in Weesen und Amden finden Sie unter Download","og_url":"https:\/\/www.kita-gwunderland.ch\/go\/index.php\/weesen\/","og_site_name":"Kita Gwunderland","article_modified_time":"2025-03-06T18:32:44+00:00","og_image":[{"width":2140,"height":88,"url":"https:\/\/www.kita-gwunderland.ch\/go\/wp-content\/uploads\/2022\/01\/Bildschirmfoto-2022-01-11-um-08.16.35.png","type":"image\/png"}],"twitter_card":"summary_large_image","twitter_misc":{"Gesch\u00e4tzte Lesezeit":"2\u00a0Minuten"},"schema":{"@context":"https:\/\/schema.org","@graph":[{"@type":"WebPage","@id":"https:\/\/www.kita-gwunderland.ch\/go\/index.php\/weesen\/","url":"https:\/\/www.kita-gwunderland.ch\/go\/index.php\/weesen\/","name":"\u00d6FFNUNGSZEITEN HORT WEESEN\/AMDEN - Kita Gwunderland","isPartOf":{"@id":"https:\/\/www.kita-gwunderland.ch\/go\/#website"},"primaryImageOfPage":{"@id":"https:\/\/www.kita-gwunderland.ch\/go\/index.php\/weesen\/#primaryimage"},"image":{"@id":"https:\/\/www.kita-gwunderland.ch\/go\/index.php\/weesen\/#primaryimage"},"thumbnailUrl":"https:\/\/www.kita-gwunderland.ch\/go\/wp-content\/uploads\/2022\/01\/Bildschirmfoto-2022-01-11-um-08.16.35.png","datePublished":"2024-03-26T13:47:01+00:00","dateModified":"2025-03-06T18:32:44+00:00","breadcrumb":{"@id":"https:\/\/www.kita-gwunderland.ch\/go\/index.php\/weesen\/#breadcrumb"},"inLanguage":"de-CH","potentialAction":[{"@type":"ReadAction","target":["https:\/\/www.kita-gwunderland.ch\/go\/index.php\/weesen\/"]}]},{"@type":"ImageObject","inLanguage":"de-CH","@id":"https:\/\/www.kita-gwunderland.ch\/go\/index.php\/weesen\/#primaryimage","url":"https:\/\/www.kita-gwunderland.ch\/go\/wp-content\/uploads\/2022\/01\/Bildschirmfoto-2022-01-11-um-08.16.35.png","contentUrl":"https:\/\/www.kita-gwunderland.ch\/go\/wp-content\/uploads\/2022\/01\/Bildschirmfoto-2022-01-11-um-08.16.35.png","width":2140,"height":88},{"@type":"BreadcrumbList","@id":"https:\/\/www.kita-gwunderland.ch\/go\/index.php\/weesen\/#breadcrumb","itemListElement":[{"@type":"ListItem","position":1,"name":"Home","item":"https:\/\/www.kita-gwunderland.ch\/go\/"},{"@type":"ListItem","position":2,"name":"\u00d6FFNUNGSZEITEN HORT WEESEN\/AMDEN"}]},{"@type":"WebSite","@id":"https:\/\/www.kita-gwunderland.ch\/go\/#website","url":"https:\/\/www.kita-gwunderland.ch\/go\/","name":"Kita Gwunderland","description":"","publisher":{"@id":"https:\/\/www.kita-gwunderland.ch\/go\/#organization"},"potentialAction":[{"@type":"SearchAction","target":{"@type":"EntryPoint","urlTemplate":"https:\/\/www.kita-gwunderland.ch\/go\/?s={search_term_string}"},"query-input":{"@type":"PropertyValueSpecification","valueRequired":true,"valueName":"search_term_string"}}],"inLanguage":"de-CH"},{"@type":"Organization","@id":"https:\/\/www.kita-gwunderland.ch\/go\/#organization","name":"Kita Gwunderland","url":"https:\/\/www.kita-gwunderland.ch\/go\/","logo":{"@type":"ImageObject","inLanguage":"de-CH","@id":"https:\/\/www.kita-gwunderland.ch\/go\/#\/schema\/logo\/image\/","url":"https:\/\/www.kita-gwunderland.ch\/go\/wp-content\/uploads\/2022\/01\/cropped-cropped-Logo.jpg","contentUrl":"https:\/\/www.kita-gwunderland.ch\/go\/wp-content\/uploads\/2022\/01\/cropped-cropped-Logo.jpg","width":1294,"height":575,"caption":"Kita Gwunderland"},"image":{"@id":"https:\/\/www.kita-gwunderland.ch\/go\/#\/schema\/logo\/image\/"}}]}},"acf":[],"_links":{"self":[{"href":"https:\/\/www.kita-gwunderland.ch\/go\/index.php\/wp-json\/wp\/v2\/pages\/2223","targetHints":{"allow":["GET"]}}],"collection":[{"href":"https:\/\/www.kita-gwunderland.ch\/go\/index.php\/wp-json\/wp\/v2\/pages"}],"about":[{"href":"https:\/\/www.kita-gwunderland.ch\/go\/index.php\/wp-json\/wp\/v2\/types\/page"}],"author":[{"embeddable":true,"href":"https:\/\/www.kita-gwunderland.ch\/go\/index.php\/wp-json\/wp\/v2\/users\/1"}],"replies":[{"embeddable":true,"href":"https:\/\/www.kita-gwunderland.ch\/go\/index.php\/wp-json\/wp\/v2\/comments?post=2223"}],"version-history":[{"count":31,"href":"https:\/\/www.kita-gwunderland.ch\/go\/index.php\/wp-json\/wp\/v2\/pages\/2223\/revisions"}],"predecessor-version":[{"id":2938,"href":"https:\/\/www.kita-gwunderland.ch\/go\/index.php\/wp-json\/wp\/v2\/pages\/2223\/revisions\/2938"}],"wp:attachment":[{"href":"https:\/\/www.kita-gwunderland.ch\/go\/index.php\/wp-json\/wp\/v2\/media?parent=2223"}],"curies":[{"name":"wp","href":"https:\/\/api.w.org\/{rel}","templated":true}]}}