{"id":1350,"date":"2022-01-11T09:44:52","date_gmt":"2022-01-11T09:44:52","guid":{"rendered":"https:\/\/www.kita-gwunderland.ch\/go\/?page_id=1350"},"modified":"2026-03-11T19:20:52","modified_gmt":"2026-03-11T19:20:52","slug":"download","status":"publish","type":"page","link":"https:\/\/www.kita-gwunderland.ch\/go\/index.php\/download\/","title":{"rendered":"DOWNLOAD"},"content":{"rendered":"\t\t<div data-elementor-type=\"wp-page\" data-elementor-id=\"1350\" class=\"elementor elementor-1350\">\n\t\t\t\t\t\t<section class=\"elementor-section elementor-top-section elementor-element elementor-element-2372cb elementor-section-boxed elementor-section-height-default elementor-section-height-default wpr-particle-no wpr-jarallax-no wpr-parallax-no wpr-sticky-section-no\" data-id=\"2372cb\" data-element_type=\"section\" data-e-type=\"section\">\n\t\t\t\t\t\t<div class=\"elementor-container elementor-column-gap-default\">\n\t\t\t\t\t<div class=\"elementor-column elementor-col-100 elementor-top-column elementor-element elementor-element-24b51357\" data-id=\"24b51357\" data-element_type=\"column\" data-e-type=\"column\">\n\t\t\t<div class=\"elementor-widget-wrap elementor-element-populated\">\n\t\t\t\t\t\t<div class=\"elementor-element elementor-element-17f7ce56 elementor-widget elementor-widget-text-editor\" data-id=\"17f7ce56\" data-element_type=\"widget\" data-e-type=\"widget\" data-widget_type=\"text-editor.default\">\n\t\t\t\t<div class=\"elementor-widget-container\">\n\t\t\t\t\t\t\t\t\t<p><img decoding=\"async\" src=\"https:\/\/www.kita-gwunderland.ch\/go\/wp-content\/uploads\/2022\/01\/Bildschirmfoto-2022-01-11-um-08.16.35-1024x42.png\" alt=\"\" width=\"960\" height=\"39\" \/><\/p>\n<p style=\"text-align: center;\"><!-- \/wp:paragraph --><!-- wp:paragraph {\"align\":\"center\"} --><\/p>\n<p><strong>\u00a0Kinderbetreuung Sch\u00e4nis<\/strong><\/p>\n<p>Betreuungsbrosch\u00fcre<\/p>\n<p><a href=\"https:\/\/www.kita-gwunderland.ch\/go\/wp-content\/uploads\/2026\/03\/Kita-Gwunderland-GmbH-Broschuere-Kinderbetreuung-Schaenis-ab-April-2026.pdf\"><img decoding=\"async\" class=\"aligncenter\" src=\"https:\/\/www.kita-gwunderland.ch\/go\/wp-content\/uploads\/2022\/01\/Icon_PDF.jpg\" alt=\"\" width=\"27\" height=\"33\" data-id=\"1454\" data-full-url=\"https:\/\/www.kita-gwunderland.ch\/go\/wp-content\/uploads\/2022\/01\/Icon_PDF.jpg\" data-link=\"https:\/\/www.kita-gwunderland.ch\/go\/index.php\/download\/icon_pdf\/\" \/><\/a><\/p>\n<p><img decoding=\"async\" src=\"https:\/\/www.kita-gwunderland.ch\/go\/wp-content\/uploads\/2022\/01\/Bildschirmfoto-2022-01-11-um-08.16.35-1024x42.png\" alt=\"\" width=\"960\" height=\"39\" \/><\/p>\n<p><!-- \/wp:paragraph --><\/p>\t\t\t\t\t\t\t\t<\/div>\n\t\t\t\t<\/div>\n\t\t\t\t\t<\/div>\n\t\t<\/div>\n\t\t\t\t\t<\/div>\n\t\t<\/section>\n\t\t\t\t<section class=\"elementor-section elementor-top-section elementor-element elementor-element-d9d7496 elementor-section-boxed elementor-section-height-default elementor-section-height-default wpr-particle-no wpr-jarallax-no wpr-parallax-no wpr-sticky-section-no\" data-id=\"d9d7496\" data-element_type=\"section\" data-e-type=\"section\">\n\t\t\t\t\t\t<div class=\"elementor-container elementor-column-gap-default\">\n\t\t\t\t\t<div class=\"elementor-column elementor-col-100 elementor-top-column elementor-element elementor-element-24229d6\" data-id=\"24229d6\" data-element_type=\"column\" data-e-type=\"column\">\n\t\t\t<div class=\"elementor-widget-wrap elementor-element-populated\">\n\t\t\t\t\t\t<div class=\"elementor-element elementor-element-c99638d elementor-widget elementor-widget-text-editor\" data-id=\"c99638d\" data-element_type=\"widget\" data-e-type=\"widget\" data-widget_type=\"text-editor.default\">\n\t\t\t\t<div class=\"elementor-widget-container\">\n\t\t\t\t\t\t\t\t\t<p><img decoding=\"async\" src=\"https:\/\/www.kita-gwunderland.ch\/go\/wp-content\/uploads\/2022\/01\/Bildschirmfoto-2022-01-11-um-08.16.35-1024x42.png\" alt=\"\" width=\"960\" height=\"39\" \/><\/p>\n<p style=\"text-align: center;\"><!-- \/wp:paragraph --><!-- wp:paragraph {\"align\":\"center\"} --><\/p>\n<p style=\"text-align: center;\"><strong>Kita Glarus<\/strong><\/p>\n<p style=\"text-align: center;\">Betriebskonzept<\/p>\n<p style=\"text-align: center;\"><a href=\"https:\/\/www.kita-gwunderland.ch\/go\/wp-content\/uploads\/2025\/12\/Kita-Gwunderland-Glarus-Betriebskonzept-ab-Dezember-2025.pdf\"><img decoding=\"async\" class=\"aligncenter\" src=\"https:\/\/www.kita-gwunderland.ch\/go\/wp-content\/uploads\/2022\/01\/Icon_PDF.jpg\" alt=\"\" width=\"27\" height=\"33\" data-id=\"1454\" data-full-url=\"https:\/\/www.kita-gwunderland.ch\/go\/wp-content\/uploads\/2022\/01\/Icon_PDF.jpg\" data-link=\"https:\/\/www.kita-gwunderland.ch\/go\/index.php\/download\/icon_pdf\/\" \/><\/a><\/p>\n<p style=\"text-align: center;\">Tarifreglement<\/p>\n<p><a href=\"https:\/\/www.kita-gwunderland.ch\/go\/wp-content\/uploads\/2025\/12\/Kita-Gwunderland-Glarus-Tarifreglement-ab-April-2025.pdf\"><img decoding=\"async\" class=\"aligncenter\" src=\"https:\/\/www.kita-gwunderland.ch\/go\/wp-content\/uploads\/2022\/01\/Icon_PDF.jpg\" alt=\"\" width=\"27\" height=\"33\" data-id=\"1454\" data-full-url=\"https:\/\/www.kita-gwunderland.ch\/go\/wp-content\/uploads\/2022\/01\/Icon_PDF.jpg\" data-link=\"https:\/\/www.kita-gwunderland.ch\/go\/index.php\/download\/icon_pdf\/\" \/><\/a><\/p>\n<p><img decoding=\"async\" src=\"https:\/\/www.kita-gwunderland.ch\/go\/wp-content\/uploads\/2022\/01\/Bildschirmfoto-2022-01-11-um-08.16.35-1024x42.png\" alt=\"\" width=\"960\" height=\"39\" \/><\/p>\t\t\t\t\t\t\t\t<\/div>\n\t\t\t\t<\/div>\n\t\t\t\t\t<\/div>\n\t\t<\/div>\n\t\t\t\t\t<\/div>\n\t\t<\/section>\n\t\t\t\t<section class=\"elementor-section elementor-top-section elementor-element elementor-element-7eed35f elementor-section-boxed elementor-section-height-default elementor-section-height-default wpr-particle-no wpr-jarallax-no wpr-parallax-no wpr-sticky-section-no\" data-id=\"7eed35f\" data-element_type=\"section\" data-e-type=\"section\">\n\t\t\t\t\t\t<div class=\"elementor-container elementor-column-gap-default\">\n\t\t\t\t\t<div class=\"elementor-column elementor-col-100 elementor-top-column elementor-element elementor-element-d780d52\" data-id=\"d780d52\" data-element_type=\"column\" data-e-type=\"column\">\n\t\t\t<div class=\"elementor-widget-wrap elementor-element-populated\">\n\t\t\t\t\t\t<div class=\"elementor-element elementor-element-72f0145 elementor-widget elementor-widget-text-editor\" data-id=\"72f0145\" data-element_type=\"widget\" data-e-type=\"widget\" data-widget_type=\"text-editor.default\">\n\t\t\t\t<div class=\"elementor-widget-container\">\n\t\t\t\t\t\t\t\t\t<p><img decoding=\"async\" src=\"https:\/\/www.kita-gwunderland.ch\/go\/wp-content\/uploads\/2022\/01\/Bildschirmfoto-2022-01-11-um-08.16.35-1024x42.png\" alt=\"\" width=\"960\" height=\"39\" \/><\/p>\n<p style=\"text-align: center;\"><!-- \/wp:paragraph --><!-- wp:paragraph {\"align\":\"center\"} --><\/p>\n<p style=\"text-align: center;\"><strong>Schulerg\u00e4nzende Betreuung Weesen<\/strong><\/p>\n<p style=\"text-align: center;\">Betriebskonzept<\/p>\n<p style=\"text-align: center;\"><a href=\"https:\/\/www.kita-gwunderland.ch\/go\/wp-content\/uploads\/2025\/10\/Kita-Gwunderland-GmbH-Betriebskonzept-Schuelerhort-Weesen-gueltig-ab-01-08-2025.pdf\"><img decoding=\"async\" class=\"aligncenter\" src=\"https:\/\/www.kita-gwunderland.ch\/go\/wp-content\/uploads\/2022\/01\/Icon_PDF.jpg\" alt=\"\" width=\"27\" height=\"33\" data-id=\"1454\" data-full-url=\"https:\/\/www.kita-gwunderland.ch\/go\/wp-content\/uploads\/2022\/01\/Icon_PDF.jpg\" data-link=\"https:\/\/www.kita-gwunderland.ch\/go\/index.php\/download\/icon_pdf\/\" \/><\/a><\/p>\n<p style=\"text-align: center;\">Tarifreglement<\/p>\n<p><a href=\"https:\/\/www.kita-gwunderland.ch\/go\/wp-content\/uploads\/2026\/01\/Kita-Gwunderland-GmbH-Tarifreglement-Schuelerhort-Weesen-gueltig-ab-01-04-2026.pdf\"><img decoding=\"async\" class=\"aligncenter\" src=\"https:\/\/www.kita-gwunderland.ch\/go\/wp-content\/uploads\/2022\/01\/Icon_PDF.jpg\" alt=\"\" width=\"27\" height=\"33\" data-id=\"1454\" data-full-url=\"https:\/\/www.kita-gwunderland.ch\/go\/wp-content\/uploads\/2022\/01\/Icon_PDF.jpg\" data-link=\"https:\/\/www.kita-gwunderland.ch\/go\/index.php\/download\/icon_pdf\/\" \/><\/a><\/p>\n<p><img decoding=\"async\" src=\"https:\/\/www.kita-gwunderland.ch\/go\/wp-content\/uploads\/2022\/01\/Bildschirmfoto-2022-01-11-um-08.16.35-1024x42.png\" alt=\"\" width=\"960\" height=\"39\" \/><\/p>\t\t\t\t\t\t\t\t<\/div>\n\t\t\t\t<\/div>\n\t\t\t\t\t<\/div>\n\t\t<\/div>\n\t\t\t\t\t<\/div>\n\t\t<\/section>\n\t\t\t\t<section class=\"elementor-section elementor-top-section elementor-element elementor-element-5ed04e5 elementor-section-boxed elementor-section-height-default elementor-section-height-default wpr-particle-no wpr-jarallax-no wpr-parallax-no wpr-sticky-section-no\" data-id=\"5ed04e5\" data-element_type=\"section\" data-e-type=\"section\">\n\t\t\t\t\t\t<div class=\"elementor-container elementor-column-gap-default\">\n\t\t\t\t\t<div class=\"elementor-column elementor-col-100 elementor-top-column elementor-element elementor-element-39a63f0\" data-id=\"39a63f0\" data-element_type=\"column\" data-e-type=\"column\">\n\t\t\t<div class=\"elementor-widget-wrap elementor-element-populated\">\n\t\t\t\t\t\t<div class=\"elementor-element elementor-element-78ff219 elementor-widget elementor-widget-text-editor\" data-id=\"78ff219\" data-element_type=\"widget\" data-e-type=\"widget\" data-widget_type=\"text-editor.default\">\n\t\t\t\t<div class=\"elementor-widget-container\">\n\t\t\t\t\t\t\t\t\t<p><img decoding=\"async\" src=\"https:\/\/www.kita-gwunderland.ch\/go\/wp-content\/uploads\/2022\/01\/Bildschirmfoto-2022-01-11-um-08.16.35-1024x42.png\" alt=\"\" width=\"960\" height=\"39\" \/><\/p>\n<p style=\"text-align: center;\"><!-- \/wp:paragraph --><!-- wp:paragraph {\"align\":\"center\"} --><\/p>\n<p style=\"text-align: center;\"><strong>Schulerg\u00e4nzende Betreuung Amden<\/strong><\/p>\n<p style=\"text-align: center;\">Betriebskonzept<\/p>\n<p style=\"text-align: center;\"><a href=\"https:\/\/www.kita-gwunderland.ch\/go\/wp-content\/uploads\/2025\/10\/Kita-Gwunderland-GmbH-Betriebskonzept-Schuelerhort-Amden-gueltig-ab-01-08-2025.pdf\"><img decoding=\"async\" class=\"aligncenter\" src=\"https:\/\/www.kita-gwunderland.ch\/go\/wp-content\/uploads\/2022\/01\/Icon_PDF.jpg\" alt=\"\" width=\"27\" height=\"33\" data-id=\"1454\" data-full-url=\"https:\/\/www.kita-gwunderland.ch\/go\/wp-content\/uploads\/2022\/01\/Icon_PDF.jpg\" data-link=\"https:\/\/www.kita-gwunderland.ch\/go\/index.php\/download\/icon_pdf\/\" \/><\/a><\/p>\n<p style=\"text-align: center;\">Tarifreglement<\/p>\n<p><a href=\"https:\/\/www.kita-gwunderland.ch\/go\/wp-content\/uploads\/2025\/10\/Kita-Gwunderland-GmbH-Tarifreglement-Schuelerhort-Amden-gueltig-ab-01-10-2025.pdf\"><img decoding=\"async\" class=\"aligncenter\" src=\"https:\/\/www.kita-gwunderland.ch\/go\/wp-content\/uploads\/2022\/01\/Icon_PDF.jpg\" alt=\"\" width=\"27\" height=\"33\" data-id=\"1454\" data-full-url=\"https:\/\/www.kita-gwunderland.ch\/go\/wp-content\/uploads\/2022\/01\/Icon_PDF.jpg\" data-link=\"https:\/\/www.kita-gwunderland.ch\/go\/index.php\/download\/icon_pdf\/\" \/><\/a><\/p>\n<p><img decoding=\"async\" src=\"https:\/\/www.kita-gwunderland.ch\/go\/wp-content\/uploads\/2022\/01\/Bildschirmfoto-2022-01-11-um-08.16.35-1024x42.png\" alt=\"\" width=\"960\" height=\"39\" \/><\/p>\t\t\t\t\t\t\t\t<\/div>\n\t\t\t\t<\/div>\n\t\t\t\t\t<\/div>\n\t\t<\/div>\n\t\t\t\t\t<\/div>\n\t\t<\/section>\n\t\t\t\t<\/div>\n\t\t","protected":false},"excerpt":{"rendered":"<p>\u00a0Kinderbetreuung Sch\u00e4nis Betreuungsbrosch\u00fcre Kita Glarus Betriebskonzept Tarifreglement Schulerg\u00e4nzende Betreuung Weesen Betriebskonzept Tarifreglement Schulerg\u00e4nzende Betreuung Amden Betriebskonzept Tarifreglement<\/p>\n","protected":false},"author":1,"featured_media":0,"parent":0,"menu_order":0,"comment_status":"closed","ping_status":"closed","template":"","meta":{"footnotes":""},"class_list":["post-1350","page","type-page","status-publish","hentry"],"yoast_head":"<!-- This site is optimized with the Yoast SEO plugin v27.0 - https:\/\/yoast.com\/product\/yoast-seo-wordpress\/ -->\n<title>DOWNLOAD - Kita Gwunderland<\/title>\n<meta name=\"robots\" content=\"index, follow, max-snippet:-1, max-image-preview:large, max-video-preview:-1\" \/>\n<link rel=\"canonical\" href=\"https:\/\/www.kita-gwunderland.ch\/go\/index.php\/download\/\" \/>\n<meta property=\"og:locale\" content=\"de_DE\" \/>\n<meta property=\"og:type\" content=\"article\" \/>\n<meta property=\"og:title\" content=\"DOWNLOAD - Kita Gwunderland\" \/>\n<meta property=\"og:description\" content=\"\u00a0Kinderbetreuung Sch\u00e4nis Betreuungsbrosch\u00fcre Kita Glarus Betriebskonzept Tarifreglement Schulerg\u00e4nzende Betreuung Weesen Betriebskonzept Tarifreglement Schulerg\u00e4nzende Betreuung Amden Betriebskonzept Tarifreglement\" \/>\n<meta property=\"og:url\" content=\"https:\/\/www.kita-gwunderland.ch\/go\/index.php\/download\/\" \/>\n<meta property=\"og:site_name\" content=\"Kita Gwunderland\" \/>\n<meta property=\"article:modified_time\" content=\"2026-03-11T19:20:52+00:00\" \/>\n<meta property=\"og:image\" content=\"https:\/\/www.kita-gwunderland.ch\/go\/wp-content\/uploads\/2022\/01\/Bildschirmfoto-2022-01-11-um-08.16.35-1024x42.png\" \/>\n<meta name=\"twitter:card\" content=\"summary_large_image\" \/>\n<meta name=\"twitter:label1\" content=\"Gesch\u00e4tzte Lesezeit\" \/>\n\t<meta name=\"twitter:data1\" content=\"4\u00a0Minuten\" \/>\n<script type=\"application\/ld+json\" class=\"yoast-schema-graph\">{\"@context\":\"https:\/\/schema.org\",\"@graph\":[{\"@type\":\"WebPage\",\"@id\":\"https:\/\/www.kita-gwunderland.ch\/go\/index.php\/download\/\",\"url\":\"https:\/\/www.kita-gwunderland.ch\/go\/index.php\/download\/\",\"name\":\"DOWNLOAD - Kita Gwunderland\",\"isPartOf\":{\"@id\":\"https:\/\/www.kita-gwunderland.ch\/go\/#website\"},\"primaryImageOfPage\":{\"@id\":\"https:\/\/www.kita-gwunderland.ch\/go\/index.php\/download\/#primaryimage\"},\"image\":{\"@id\":\"https:\/\/www.kita-gwunderland.ch\/go\/index.php\/download\/#primaryimage\"},\"thumbnailUrl\":\"https:\/\/www.kita-gwunderland.ch\/go\/wp-content\/uploads\/2022\/01\/Bildschirmfoto-2022-01-11-um-08.16.35-1024x42.png\",\"datePublished\":\"2022-01-11T09:44:52+00:00\",\"dateModified\":\"2026-03-11T19:20:52+00:00\",\"breadcrumb\":{\"@id\":\"https:\/\/www.kita-gwunderland.ch\/go\/index.php\/download\/#breadcrumb\"},\"inLanguage\":\"de-CH\",\"potentialAction\":[{\"@type\":\"ReadAction\",\"target\":[\"https:\/\/www.kita-gwunderland.ch\/go\/index.php\/download\/\"]}]},{\"@type\":\"ImageObject\",\"inLanguage\":\"de-CH\",\"@id\":\"https:\/\/www.kita-gwunderland.ch\/go\/index.php\/download\/#primaryimage\",\"url\":\"https:\/\/www.kita-gwunderland.ch\/go\/wp-content\/uploads\/2022\/01\/Bildschirmfoto-2022-01-11-um-08.16.35.png\",\"contentUrl\":\"https:\/\/www.kita-gwunderland.ch\/go\/wp-content\/uploads\/2022\/01\/Bildschirmfoto-2022-01-11-um-08.16.35.png\",\"width\":2140,\"height\":88},{\"@type\":\"BreadcrumbList\",\"@id\":\"https:\/\/www.kita-gwunderland.ch\/go\/index.php\/download\/#breadcrumb\",\"itemListElement\":[{\"@type\":\"ListItem\",\"position\":1,\"name\":\"Home\",\"item\":\"https:\/\/www.kita-gwunderland.ch\/go\/\"},{\"@type\":\"ListItem\",\"position\":2,\"name\":\"DOWNLOAD\"}]},{\"@type\":\"WebSite\",\"@id\":\"https:\/\/www.kita-gwunderland.ch\/go\/#website\",\"url\":\"https:\/\/www.kita-gwunderland.ch\/go\/\",\"name\":\"Kita Gwunderland\",\"description\":\"\",\"publisher\":{\"@id\":\"https:\/\/www.kita-gwunderland.ch\/go\/#organization\"},\"potentialAction\":[{\"@type\":\"SearchAction\",\"target\":{\"@type\":\"EntryPoint\",\"urlTemplate\":\"https:\/\/www.kita-gwunderland.ch\/go\/?s={search_term_string}\"},\"query-input\":{\"@type\":\"PropertyValueSpecification\",\"valueRequired\":true,\"valueName\":\"search_term_string\"}}],\"inLanguage\":\"de-CH\"},{\"@type\":\"Organization\",\"@id\":\"https:\/\/www.kita-gwunderland.ch\/go\/#organization\",\"name\":\"Kita Gwunderland\",\"url\":\"https:\/\/www.kita-gwunderland.ch\/go\/\",\"logo\":{\"@type\":\"ImageObject\",\"inLanguage\":\"de-CH\",\"@id\":\"https:\/\/www.kita-gwunderland.ch\/go\/#\/schema\/logo\/image\/\",\"url\":\"https:\/\/www.kita-gwunderland.ch\/go\/wp-content\/uploads\/2022\/01\/cropped-cropped-Logo.jpg\",\"contentUrl\":\"https:\/\/www.kita-gwunderland.ch\/go\/wp-content\/uploads\/2022\/01\/cropped-cropped-Logo.jpg\",\"width\":1294,\"height\":575,\"caption\":\"Kita Gwunderland\"},\"image\":{\"@id\":\"https:\/\/www.kita-gwunderland.ch\/go\/#\/schema\/logo\/image\/\"}}]}<\/script>\n<!-- \/ Yoast SEO plugin. -->","yoast_head_json":{"title":"DOWNLOAD - Kita Gwunderland","robots":{"index":"index","follow":"follow","max-snippet":"max-snippet:-1","max-image-preview":"max-image-preview:large","max-video-preview":"max-video-preview:-1"},"canonical":"https:\/\/www.kita-gwunderland.ch\/go\/index.php\/download\/","og_locale":"de_DE","og_type":"article","og_title":"DOWNLOAD - Kita Gwunderland","og_description":"\u00a0Kinderbetreuung Sch\u00e4nis Betreuungsbrosch\u00fcre Kita Glarus Betriebskonzept Tarifreglement Schulerg\u00e4nzende Betreuung Weesen Betriebskonzept Tarifreglement Schulerg\u00e4nzende Betreuung Amden Betriebskonzept Tarifreglement","og_url":"https:\/\/www.kita-gwunderland.ch\/go\/index.php\/download\/","og_site_name":"Kita Gwunderland","article_modified_time":"2026-03-11T19:20:52+00:00","og_image":[{"url":"https:\/\/www.kita-gwunderland.ch\/go\/wp-content\/uploads\/2022\/01\/Bildschirmfoto-2022-01-11-um-08.16.35-1024x42.png","type":"","width":"","height":""}],"twitter_card":"summary_large_image","twitter_misc":{"Gesch\u00e4tzte Lesezeit":"4\u00a0Minuten"},"schema":{"@context":"https:\/\/schema.org","@graph":[{"@type":"WebPage","@id":"https:\/\/www.kita-gwunderland.ch\/go\/index.php\/download\/","url":"https:\/\/www.kita-gwunderland.ch\/go\/index.php\/download\/","name":"DOWNLOAD - Kita Gwunderland","isPartOf":{"@id":"https:\/\/www.kita-gwunderland.ch\/go\/#website"},"primaryImageOfPage":{"@id":"https:\/\/www.kita-gwunderland.ch\/go\/index.php\/download\/#primaryimage"},"image":{"@id":"https:\/\/www.kita-gwunderland.ch\/go\/index.php\/download\/#primaryimage"},"thumbnailUrl":"https:\/\/www.kita-gwunderland.ch\/go\/wp-content\/uploads\/2022\/01\/Bildschirmfoto-2022-01-11-um-08.16.35-1024x42.png","datePublished":"2022-01-11T09:44:52+00:00","dateModified":"2026-03-11T19:20:52+00:00","breadcrumb":{"@id":"https:\/\/www.kita-gwunderland.ch\/go\/index.php\/download\/#breadcrumb"},"inLanguage":"de-CH","potentialAction":[{"@type":"ReadAction","target":["https:\/\/www.kita-gwunderland.ch\/go\/index.php\/download\/"]}]},{"@type":"ImageObject","inLanguage":"de-CH","@id":"https:\/\/www.kita-gwunderland.ch\/go\/index.php\/download\/#primaryimage","url":"https:\/\/www.kita-gwunderland.ch\/go\/wp-content\/uploads\/2022\/01\/Bildschirmfoto-2022-01-11-um-08.16.35.png","contentUrl":"https:\/\/www.kita-gwunderland.ch\/go\/wp-content\/uploads\/2022\/01\/Bildschirmfoto-2022-01-11-um-08.16.35.png","width":2140,"height":88},{"@type":"BreadcrumbList","@id":"https:\/\/www.kita-gwunderland.ch\/go\/index.php\/download\/#breadcrumb","itemListElement":[{"@type":"ListItem","position":1,"name":"Home","item":"https:\/\/www.kita-gwunderland.ch\/go\/"},{"@type":"ListItem","position":2,"name":"DOWNLOAD"}]},{"@type":"WebSite","@id":"https:\/\/www.kita-gwunderland.ch\/go\/#website","url":"https:\/\/www.kita-gwunderland.ch\/go\/","name":"Kita Gwunderland","description":"","publisher":{"@id":"https:\/\/www.kita-gwunderland.ch\/go\/#organization"},"potentialAction":[{"@type":"SearchAction","target":{"@type":"EntryPoint","urlTemplate":"https:\/\/www.kita-gwunderland.ch\/go\/?s={search_term_string}"},"query-input":{"@type":"PropertyValueSpecification","valueRequired":true,"valueName":"search_term_string"}}],"inLanguage":"de-CH"},{"@type":"Organization","@id":"https:\/\/www.kita-gwunderland.ch\/go\/#organization","name":"Kita Gwunderland","url":"https:\/\/www.kita-gwunderland.ch\/go\/","logo":{"@type":"ImageObject","inLanguage":"de-CH","@id":"https:\/\/www.kita-gwunderland.ch\/go\/#\/schema\/logo\/image\/","url":"https:\/\/www.kita-gwunderland.ch\/go\/wp-content\/uploads\/2022\/01\/cropped-cropped-Logo.jpg","contentUrl":"https:\/\/www.kita-gwunderland.ch\/go\/wp-content\/uploads\/2022\/01\/cropped-cropped-Logo.jpg","width":1294,"height":575,"caption":"Kita Gwunderland"},"image":{"@id":"https:\/\/www.kita-gwunderland.ch\/go\/#\/schema\/logo\/image\/"}}]}},"acf":[],"_links":{"self":[{"href":"https:\/\/www.kita-gwunderland.ch\/go\/index.php\/wp-json\/wp\/v2\/pages\/1350","targetHints":{"allow":["GET"]}}],"collection":[{"href":"https:\/\/www.kita-gwunderland.ch\/go\/index.php\/wp-json\/wp\/v2\/pages"}],"about":[{"href":"https:\/\/www.kita-gwunderland.ch\/go\/index.php\/wp-json\/wp\/v2\/types\/page"}],"author":[{"embeddable":true,"href":"https:\/\/www.kita-gwunderland.ch\/go\/index.php\/wp-json\/wp\/v2\/users\/1"}],"replies":[{"embeddable":true,"href":"https:\/\/www.kita-gwunderland.ch\/go\/index.php\/wp-json\/wp\/v2\/comments?post=1350"}],"version-history":[{"count":129,"href":"https:\/\/www.kita-gwunderland.ch\/go\/index.php\/wp-json\/wp\/v2\/pages\/1350\/revisions"}],"predecessor-version":[{"id":3176,"href":"https:\/\/www.kita-gwunderland.ch\/go\/index.php\/wp-json\/wp\/v2\/pages\/1350\/revisions\/3176"}],"wp:attachment":[{"href":"https:\/\/www.kita-gwunderland.ch\/go\/index.php\/wp-json\/wp\/v2\/media?parent=1350"}],"curies":[{"name":"wp","href":"https:\/\/api.w.org\/{rel}","templated":true}]}}