{"id":1205,"date":"2022-01-07T12:02:53","date_gmt":"2022-01-07T12:02:53","guid":{"rendered":"https:\/\/www.kita-gwunderland.ch\/go\/?page_id=1205"},"modified":"2022-01-07T12:07:35","modified_gmt":"2022-01-07T12:07:35","slug":"impressum","status":"publish","type":"page","link":"https:\/\/www.kita-gwunderland.ch\/go\/index.php\/impressum\/","title":{"rendered":"IMPRESSUM"},"content":{"rendered":"\n<h4 class=\"wp-block-heading\">Verantwortlich f\u00fcr den Inhalt<\/h4>\n\n\n\n<p>Kita Gwunderland GmbH<br>Oberbirgstrasse 2<br>8718 Sch\u00e4nis<\/p>\n\n\n\n<p>info@kita-gwunderland.ch<\/p>\n\n\n\n<p>Alle Informationen und Erkl\u00e4rungen dieser Internetseiten sind unverbindlich. Fehler im Inhalt werden bei Kenntnis dar\u00fcber unverz\u00fcglich korrigiert. Links auf andere Internetseiten werden nicht permanent kontrolliert. Somit \u00fcbernehmen wir keine Verantwortung f\u00fcr den Inhalt verlinkter Seiten.<\/p>\n\n\n\n<h4 class=\"wp-block-heading\"><strong>Herunterladen von Daten&nbsp;<\/strong><\/h4>\n\n\n\n<p>Kita Gwunderland&nbsp;\u00fcbernimmt keine Gew\u00e4hr f\u00fcr die Fehlerfreiheit von Daten, die von den Internetseiten heruntergeladen werden k\u00f6nnen.<\/p>\n\n\n\n<p><strong>Haftungsausschluss<\/strong><br>Der Autor \u00fcbernimmt keinerlei Gew\u00e4hr hinsichtlich der inhaltlichen Richtigkeit, Genauigkeit, Aktualit\u00e4t, Zuverl\u00e4ssigkeit und Vollst\u00e4ndigkeit der Informationen.<br>Haftungsanspr\u00fcche gegen den Autor wegen Sch\u00e4den materieller oder immaterieller Art, welche aus dem Zugriff oder der Nutzung bzw. Nichtnutzung der ver\u00f6ffentlichten Informationen, durch Missbrauch der Verbindung oder durch technische St\u00f6rungen entstanden sind, werden ausgeschlossen.<\/p>\n\n\n\n<p>Alle Angebote sind unverbindlich. Der Autor beh\u00e4lt es sich ausdr\u00fccklich vor, Teile der Seiten oder das gesamte Angebot ohne besondere Ank\u00fcndigung zu ver\u00e4ndern, zu erg\u00e4nzen, zu l\u00f6schen oder die Ver\u00f6ffentlichung zeitweise oder endg\u00fcltig einzustellen.<\/p>\n\n\n\n<p><strong>Haftungsausschluss f\u00fcr Links<\/strong><br>Verweise und Links auf Webseiten Dritter liegen ausserhalb unseres Verantwortungsbereichs. Es wird jegliche Verantwortung f\u00fcr solche Webseiten abgelehnt. Der Zugriff und die Nutzung solcher Webseiten erfolgen auf eigene Gefahr des jeweiligen Nutzers.<\/p>\n\n\n\n<p><strong>Urheberrechte<\/strong><br>Die Urheber- und alle anderen Rechte an Inhalten, Bildern, Fotos oder anderen Dateien auf dieser Website, geh\u00f6ren ausschliesslich der Kita Gwunderland GmbH oder den speziell genannten Rechteinhabern. F\u00fcr die Reproduktion jeglicher Elemente ist die schriftliche Zustimmung des Urheberrechtstr\u00e4gers im Voraus einzuholen.<\/p>\n\n\n\n<p><strong>Gestaltung<\/strong><br>Gestaltung &amp; Webauftritt Jos\u00e9 Federspiel f\u00fcr\u00a0<strong><a href=\"https:\/\/mosillus.com\/\">Mosillus.com<\/a><\/strong>\u00a0Media in Pf\u00e4fers.<\/p>\n","protected":false},"excerpt":{"rendered":"<p>Verantwortlich f\u00fcr den Inhalt Kita Gwunderland GmbHOberbirgstrasse 28718 Sch\u00e4nis info@kita-gwunderland.ch Alle Informationen und Erkl\u00e4rungen dieser Internetseiten sind unverbindlich. Fehler im Inhalt werden bei Kenntnis dar\u00fcber unverz\u00fcglich korrigiert. Links auf andere Internetseiten werden nicht permanent kontrolliert. Somit \u00fcbernehmen wir keine Verantwortung f\u00fcr den Inhalt verlinkter Seiten. Herunterladen von Daten&nbsp; Kita Gwunderland&nbsp;\u00fcbernimmt keine Gew\u00e4hr f\u00fcr die Fehlerfreiheit von Daten, die von den Internetseiten heruntergeladen werden k\u00f6nnen. HaftungsausschlussDer Autor \u00fcbernimmt keinerlei Gew\u00e4hr hinsichtlich der inhaltlichen Richtigkeit, Genauigkeit, Aktualit\u00e4t, Zuverl\u00e4ssigkeit und Vollst\u00e4ndigkeit der Informationen.Haftungsanspr\u00fcche gegen den Autor wegen Sch\u00e4den materieller oder immaterieller Art, welche aus dem Zugriff oder der Nutzung bzw. Nichtnutzung der ver\u00f6ffentlichten Informationen, durch Missbrauch der Verbindung oder durch technische St\u00f6rungen entstanden sind, werden ausgeschlossen. Alle Angebote sind unverbindlich. Der Autor beh\u00e4lt es sich ausdr\u00fccklich vor, Teile der Seiten oder das gesamte Angebot ohne besondere Ank\u00fcndigung zu ver\u00e4ndern, zu erg\u00e4nzen, zu l\u00f6schen oder die Ver\u00f6ffentlichung zeitweise oder endg\u00fcltig einzustellen. Haftungsausschluss f\u00fcr LinksVerweise und Links auf Webseiten Dritter liegen ausserhalb unseres Verantwortungsbereichs. Es wird jegliche Verantwortung f\u00fcr solche Webseiten abgelehnt. Der Zugriff und die Nutzung solcher Webseiten erfolgen auf eigene Gefahr des jeweiligen Nutzers. UrheberrechteDie Urheber- und alle anderen Rechte an Inhalten, Bildern, Fotos oder anderen Dateien auf dieser Website, geh\u00f6ren ausschliesslich der Kita Gwunderland GmbH oder den speziell genannten Rechteinhabern. F\u00fcr die Reproduktion jeglicher Elemente ist die schriftliche Zustimmung des Urheberrechtstr\u00e4gers im Voraus einzuholen. GestaltungGestaltung &amp; Webauftritt Jos\u00e9 Federspiel f\u00fcr\u00a0Mosillus.com\u00a0Media in Pf\u00e4fers.<\/p>\n","protected":false},"author":1,"featured_media":0,"parent":0,"menu_order":0,"comment_status":"closed","ping_status":"closed","template":"","meta":{"footnotes":""},"class_list":["post-1205","page","type-page","status-publish","hentry"],"yoast_head":"<!-- This site is optimized with the Yoast SEO plugin v27.0 - https:\/\/yoast.com\/product\/yoast-seo-wordpress\/ -->\n<title>IMPRESSUM - Kita Gwunderland<\/title>\n<meta name=\"robots\" content=\"index, follow, max-snippet:-1, max-image-preview:large, max-video-preview:-1\" \/>\n<link rel=\"canonical\" href=\"https:\/\/www.kita-gwunderland.ch\/go\/index.php\/impressum\/\" \/>\n<meta property=\"og:locale\" content=\"de_DE\" \/>\n<meta property=\"og:type\" content=\"article\" \/>\n<meta property=\"og:title\" content=\"IMPRESSUM - Kita Gwunderland\" \/>\n<meta property=\"og:description\" content=\"Verantwortlich f\u00fcr den Inhalt Kita Gwunderland GmbHOberbirgstrasse 28718 Sch\u00e4nis info@kita-gwunderland.ch Alle Informationen und Erkl\u00e4rungen dieser Internetseiten sind unverbindlich. Fehler im Inhalt werden bei Kenntnis dar\u00fcber unverz\u00fcglich korrigiert. Links auf andere Internetseiten werden nicht permanent kontrolliert. Somit \u00fcbernehmen wir keine Verantwortung f\u00fcr den Inhalt verlinkter Seiten. Herunterladen von Daten&nbsp; Kita Gwunderland&nbsp;\u00fcbernimmt keine Gew\u00e4hr f\u00fcr die Fehlerfreiheit von Daten, die von den Internetseiten heruntergeladen werden k\u00f6nnen. HaftungsausschlussDer Autor \u00fcbernimmt keinerlei Gew\u00e4hr hinsichtlich der inhaltlichen Richtigkeit, Genauigkeit, Aktualit\u00e4t, Zuverl\u00e4ssigkeit und Vollst\u00e4ndigkeit der Informationen.Haftungsanspr\u00fcche gegen den Autor wegen Sch\u00e4den materieller oder immaterieller Art, welche aus dem Zugriff oder der Nutzung bzw. Nichtnutzung der ver\u00f6ffentlichten Informationen, durch Missbrauch der Verbindung oder durch technische St\u00f6rungen entstanden sind, werden ausgeschlossen. Alle Angebote sind unverbindlich. Der Autor beh\u00e4lt es sich ausdr\u00fccklich vor, Teile der Seiten oder das gesamte Angebot ohne besondere Ank\u00fcndigung zu ver\u00e4ndern, zu erg\u00e4nzen, zu l\u00f6schen oder die Ver\u00f6ffentlichung zeitweise oder endg\u00fcltig einzustellen. Haftungsausschluss f\u00fcr LinksVerweise und Links auf Webseiten Dritter liegen ausserhalb unseres Verantwortungsbereichs. Es wird jegliche Verantwortung f\u00fcr solche Webseiten abgelehnt. Der Zugriff und die Nutzung solcher Webseiten erfolgen auf eigene Gefahr des jeweiligen Nutzers. UrheberrechteDie Urheber- und alle anderen Rechte an Inhalten, Bildern, Fotos oder anderen Dateien auf dieser Website, geh\u00f6ren ausschliesslich der Kita Gwunderland GmbH oder den speziell genannten Rechteinhabern. F\u00fcr die Reproduktion jeglicher Elemente ist die schriftliche Zustimmung des Urheberrechtstr\u00e4gers im Voraus einzuholen. GestaltungGestaltung &amp; Webauftritt Jos\u00e9 Federspiel f\u00fcr\u00a0Mosillus.com\u00a0Media in Pf\u00e4fers.\" \/>\n<meta property=\"og:url\" content=\"https:\/\/www.kita-gwunderland.ch\/go\/index.php\/impressum\/\" \/>\n<meta property=\"og:site_name\" content=\"Kita Gwunderland\" \/>\n<meta property=\"article:modified_time\" content=\"2022-01-07T12:07:35+00:00\" \/>\n<meta name=\"twitter:card\" content=\"summary_large_image\" \/>\n<meta name=\"twitter:label1\" content=\"Gesch\u00e4tzte Lesezeit\" \/>\n\t<meta name=\"twitter:data1\" content=\"2\u00a0Minuten\" \/>\n<script type=\"application\/ld+json\" class=\"yoast-schema-graph\">{\"@context\":\"https:\/\/schema.org\",\"@graph\":[{\"@type\":\"WebPage\",\"@id\":\"https:\/\/www.kita-gwunderland.ch\/go\/index.php\/impressum\/\",\"url\":\"https:\/\/www.kita-gwunderland.ch\/go\/index.php\/impressum\/\",\"name\":\"IMPRESSUM - Kita Gwunderland\",\"isPartOf\":{\"@id\":\"https:\/\/www.kita-gwunderland.ch\/go\/#website\"},\"datePublished\":\"2022-01-07T12:02:53+00:00\",\"dateModified\":\"2022-01-07T12:07:35+00:00\",\"breadcrumb\":{\"@id\":\"https:\/\/www.kita-gwunderland.ch\/go\/index.php\/impressum\/#breadcrumb\"},\"inLanguage\":\"de-CH\",\"potentialAction\":[{\"@type\":\"ReadAction\",\"target\":[\"https:\/\/www.kita-gwunderland.ch\/go\/index.php\/impressum\/\"]}]},{\"@type\":\"BreadcrumbList\",\"@id\":\"https:\/\/www.kita-gwunderland.ch\/go\/index.php\/impressum\/#breadcrumb\",\"itemListElement\":[{\"@type\":\"ListItem\",\"position\":1,\"name\":\"Home\",\"item\":\"https:\/\/www.kita-gwunderland.ch\/go\/\"},{\"@type\":\"ListItem\",\"position\":2,\"name\":\"IMPRESSUM\"}]},{\"@type\":\"WebSite\",\"@id\":\"https:\/\/www.kita-gwunderland.ch\/go\/#website\",\"url\":\"https:\/\/www.kita-gwunderland.ch\/go\/\",\"name\":\"Kita Gwunderland\",\"description\":\"\",\"publisher\":{\"@id\":\"https:\/\/www.kita-gwunderland.ch\/go\/#organization\"},\"potentialAction\":[{\"@type\":\"SearchAction\",\"target\":{\"@type\":\"EntryPoint\",\"urlTemplate\":\"https:\/\/www.kita-gwunderland.ch\/go\/?s={search_term_string}\"},\"query-input\":{\"@type\":\"PropertyValueSpecification\",\"valueRequired\":true,\"valueName\":\"search_term_string\"}}],\"inLanguage\":\"de-CH\"},{\"@type\":\"Organization\",\"@id\":\"https:\/\/www.kita-gwunderland.ch\/go\/#organization\",\"name\":\"Kita Gwunderland\",\"url\":\"https:\/\/www.kita-gwunderland.ch\/go\/\",\"logo\":{\"@type\":\"ImageObject\",\"inLanguage\":\"de-CH\",\"@id\":\"https:\/\/www.kita-gwunderland.ch\/go\/#\/schema\/logo\/image\/\",\"url\":\"https:\/\/www.kita-gwunderland.ch\/go\/wp-content\/uploads\/2022\/01\/cropped-cropped-Logo.jpg\",\"contentUrl\":\"https:\/\/www.kita-gwunderland.ch\/go\/wp-content\/uploads\/2022\/01\/cropped-cropped-Logo.jpg\",\"width\":1294,\"height\":575,\"caption\":\"Kita Gwunderland\"},\"image\":{\"@id\":\"https:\/\/www.kita-gwunderland.ch\/go\/#\/schema\/logo\/image\/\"}}]}<\/script>\n<!-- \/ Yoast SEO plugin. -->","yoast_head_json":{"title":"IMPRESSUM - Kita Gwunderland","robots":{"index":"index","follow":"follow","max-snippet":"max-snippet:-1","max-image-preview":"max-image-preview:large","max-video-preview":"max-video-preview:-1"},"canonical":"https:\/\/www.kita-gwunderland.ch\/go\/index.php\/impressum\/","og_locale":"de_DE","og_type":"article","og_title":"IMPRESSUM - Kita Gwunderland","og_description":"Verantwortlich f\u00fcr den Inhalt Kita Gwunderland GmbHOberbirgstrasse 28718 Sch\u00e4nis info@kita-gwunderland.ch Alle Informationen und Erkl\u00e4rungen dieser Internetseiten sind unverbindlich. Fehler im Inhalt werden bei Kenntnis dar\u00fcber unverz\u00fcglich korrigiert. Links auf andere Internetseiten werden nicht permanent kontrolliert. Somit \u00fcbernehmen wir keine Verantwortung f\u00fcr den Inhalt verlinkter Seiten. Herunterladen von Daten&nbsp; Kita Gwunderland&nbsp;\u00fcbernimmt keine Gew\u00e4hr f\u00fcr die Fehlerfreiheit von Daten, die von den Internetseiten heruntergeladen werden k\u00f6nnen. HaftungsausschlussDer Autor \u00fcbernimmt keinerlei Gew\u00e4hr hinsichtlich der inhaltlichen Richtigkeit, Genauigkeit, Aktualit\u00e4t, Zuverl\u00e4ssigkeit und Vollst\u00e4ndigkeit der Informationen.Haftungsanspr\u00fcche gegen den Autor wegen Sch\u00e4den materieller oder immaterieller Art, welche aus dem Zugriff oder der Nutzung bzw. Nichtnutzung der ver\u00f6ffentlichten Informationen, durch Missbrauch der Verbindung oder durch technische St\u00f6rungen entstanden sind, werden ausgeschlossen. Alle Angebote sind unverbindlich. Der Autor beh\u00e4lt es sich ausdr\u00fccklich vor, Teile der Seiten oder das gesamte Angebot ohne besondere Ank\u00fcndigung zu ver\u00e4ndern, zu erg\u00e4nzen, zu l\u00f6schen oder die Ver\u00f6ffentlichung zeitweise oder endg\u00fcltig einzustellen. Haftungsausschluss f\u00fcr LinksVerweise und Links auf Webseiten Dritter liegen ausserhalb unseres Verantwortungsbereichs. Es wird jegliche Verantwortung f\u00fcr solche Webseiten abgelehnt. Der Zugriff und die Nutzung solcher Webseiten erfolgen auf eigene Gefahr des jeweiligen Nutzers. UrheberrechteDie Urheber- und alle anderen Rechte an Inhalten, Bildern, Fotos oder anderen Dateien auf dieser Website, geh\u00f6ren ausschliesslich der Kita Gwunderland GmbH oder den speziell genannten Rechteinhabern. F\u00fcr die Reproduktion jeglicher Elemente ist die schriftliche Zustimmung des Urheberrechtstr\u00e4gers im Voraus einzuholen. GestaltungGestaltung &amp; Webauftritt Jos\u00e9 Federspiel f\u00fcr\u00a0Mosillus.com\u00a0Media in Pf\u00e4fers.","og_url":"https:\/\/www.kita-gwunderland.ch\/go\/index.php\/impressum\/","og_site_name":"Kita Gwunderland","article_modified_time":"2022-01-07T12:07:35+00:00","twitter_card":"summary_large_image","twitter_misc":{"Gesch\u00e4tzte Lesezeit":"2\u00a0Minuten"},"schema":{"@context":"https:\/\/schema.org","@graph":[{"@type":"WebPage","@id":"https:\/\/www.kita-gwunderland.ch\/go\/index.php\/impressum\/","url":"https:\/\/www.kita-gwunderland.ch\/go\/index.php\/impressum\/","name":"IMPRESSUM - Kita Gwunderland","isPartOf":{"@id":"https:\/\/www.kita-gwunderland.ch\/go\/#website"},"datePublished":"2022-01-07T12:02:53+00:00","dateModified":"2022-01-07T12:07:35+00:00","breadcrumb":{"@id":"https:\/\/www.kita-gwunderland.ch\/go\/index.php\/impressum\/#breadcrumb"},"inLanguage":"de-CH","potentialAction":[{"@type":"ReadAction","target":["https:\/\/www.kita-gwunderland.ch\/go\/index.php\/impressum\/"]}]},{"@type":"BreadcrumbList","@id":"https:\/\/www.kita-gwunderland.ch\/go\/index.php\/impressum\/#breadcrumb","itemListElement":[{"@type":"ListItem","position":1,"name":"Home","item":"https:\/\/www.kita-gwunderland.ch\/go\/"},{"@type":"ListItem","position":2,"name":"IMPRESSUM"}]},{"@type":"WebSite","@id":"https:\/\/www.kita-gwunderland.ch\/go\/#website","url":"https:\/\/www.kita-gwunderland.ch\/go\/","name":"Kita Gwunderland","description":"","publisher":{"@id":"https:\/\/www.kita-gwunderland.ch\/go\/#organization"},"potentialAction":[{"@type":"SearchAction","target":{"@type":"EntryPoint","urlTemplate":"https:\/\/www.kita-gwunderland.ch\/go\/?s={search_term_string}"},"query-input":{"@type":"PropertyValueSpecification","valueRequired":true,"valueName":"search_term_string"}}],"inLanguage":"de-CH"},{"@type":"Organization","@id":"https:\/\/www.kita-gwunderland.ch\/go\/#organization","name":"Kita Gwunderland","url":"https:\/\/www.kita-gwunderland.ch\/go\/","logo":{"@type":"ImageObject","inLanguage":"de-CH","@id":"https:\/\/www.kita-gwunderland.ch\/go\/#\/schema\/logo\/image\/","url":"https:\/\/www.kita-gwunderland.ch\/go\/wp-content\/uploads\/2022\/01\/cropped-cropped-Logo.jpg","contentUrl":"https:\/\/www.kita-gwunderland.ch\/go\/wp-content\/uploads\/2022\/01\/cropped-cropped-Logo.jpg","width":1294,"height":575,"caption":"Kita Gwunderland"},"image":{"@id":"https:\/\/www.kita-gwunderland.ch\/go\/#\/schema\/logo\/image\/"}}]}},"acf":[],"_links":{"self":[{"href":"https:\/\/www.kita-gwunderland.ch\/go\/index.php\/wp-json\/wp\/v2\/pages\/1205","targetHints":{"allow":["GET"]}}],"collection":[{"href":"https:\/\/www.kita-gwunderland.ch\/go\/index.php\/wp-json\/wp\/v2\/pages"}],"about":[{"href":"https:\/\/www.kita-gwunderland.ch\/go\/index.php\/wp-json\/wp\/v2\/types\/page"}],"author":[{"embeddable":true,"href":"https:\/\/www.kita-gwunderland.ch\/go\/index.php\/wp-json\/wp\/v2\/users\/1"}],"replies":[{"embeddable":true,"href":"https:\/\/www.kita-gwunderland.ch\/go\/index.php\/wp-json\/wp\/v2\/comments?post=1205"}],"version-history":[{"count":5,"href":"https:\/\/www.kita-gwunderland.ch\/go\/index.php\/wp-json\/wp\/v2\/pages\/1205\/revisions"}],"predecessor-version":[{"id":1213,"href":"https:\/\/www.kita-gwunderland.ch\/go\/index.php\/wp-json\/wp\/v2\/pages\/1205\/revisions\/1213"}],"wp:attachment":[{"href":"https:\/\/www.kita-gwunderland.ch\/go\/index.php\/wp-json\/wp\/v2\/media?parent=1205"}],"curies":[{"name":"wp","href":"https:\/\/api.w.org\/{rel}","templated":true}]}}